{"id":134,"date":"2022-01-02T11:15:18","date_gmt":"2022-01-02T11:15:18","guid":{"rendered":"http:\/\/terapiabolu.org\/?page_id=134"},"modified":"2022-01-05T19:30:01","modified_gmt":"2022-01-05T19:30:01","slug":"w-czym-moge-pomoc","status":"publish","type":"page","link":"http:\/\/terapiabolu.org\/index.php\/w-czym-moge-pomoc\/","title":{"rendered":"W czym mog\u0119 pom\u00f3c?"},"content":{"rendered":"\n<blockquote class=\"wp-block-quote is-layout-flow wp-block-quote-is-layout-flow\"><p>Zachowanie porz\u0105dku, a nie naprawianie porz\u0105dku, jest najwy\u017csz\u0105 zasad\u0105 m\u0105dro\u015bci.<br>Leczy\u0107 chorob\u0119 po tym, jak ju\u017c si\u0119 pojawi to tak jak kopa\u0107 studni\u0119, kiedy zachcia\u0142o si\u0119 pi\u0107 lub ku\u0107 bro\u0144, kiedy rozpocz\u0119\u0142a si\u0119 wojna.<\/p><cite>Hanug Di (\u017b\u00f3\u0142ty Cesarz) Tzi Bo Nei Jing II w p.n.e.<\/cite><\/blockquote>\n\n\n\n<p><strong>MEDYCYNA MANUALNA<\/strong> w tej koncepcji jest oparta na empirii i skuteczno\u015bci, potrafi zmierzy\u0107 si\u0119 z najtrudniejszymi przypadkami chorobowymi uk\u0142adu kostno-mi\u0119\u015bniowego pochodzenia czynno\u015bciowego, zaburzeniami uk\u0142adu nerwowego, zaburzeniami narz\u0105d\u00f3w wewn\u0119trznych, a dzi\u0119ki wykorzystaniu akupunktury i ig\u0142oterapii bod\u017ace lecznicze potrafi\u0105 dotrze\u0107 na g\u0142\u0119bszy poziom, znacznie przyspieszaj\u0105c i utrwalaj\u0105c efekt leczniczy. <strong>G\u0142\u00f3wnym celem terapii jest usuni\u0119cie przyczyn, a nie tylko samych dolegliwo\u015bci<\/strong> poprzez uruchomienie mechanizm\u00f3w samoregulacyjnych organizmu prowadz\u0105cych do zdrowienia.<\/p>\n\n\n\n<p><strong>Ten system terapeutyczny proponuje leczenie:<\/strong><\/p>\n\n\n\n<ul class=\"wp-block-list\"><li><strong>DOLEGLIWO\u015aCI B\u00d3LOWYCH<\/strong> ze skierowaniem na operacj\u0119 po wykluczeniu przeciwwskaza\u0144 organicznych<\/li><li><strong>B\u00d3L<\/strong> (ostry, chroniczny, miejscowy, promieniuj\u0105cy, rzutowany)<ul><li>kr\u0119gos\u0142upa szyjnego, piersiowego, l\u0119d\u017awiowego<\/li><li>miednicy, podbrzusza, pachwin, ko\u015bci krzy\u017cowej, ko\u015bci ogonowej, dna miednicy<\/li><li>krocza, genitali\u00f3w, p\u0119cherza moczowego<\/li><li>brzucha<\/li><li>bioder, kolan, st\u00f3p, bark\u00f3w, \u0142okci, r\u0105k, nadgarstk\u00f3w<\/li><li>klatki piersiowej<\/li><li>g\u0142owy<\/li><li>twarzy, \u017cuchwy, szcz\u0119ki, uszu, z\u0119b\u00f3w<\/li><li>niedro\u017cno\u015b\u0107 zatok, b\u00f3le spowodowane zapaleniem zatok<\/li><li>inne<\/li><\/ul><\/li><li><strong>DYSFUNKCJE STAWU SKRONIOWO-\u017bUCHWOWEGO<\/strong><\/li><li><strong>ZABURZENIA EREKCJI I EJAKULACJI<\/strong><\/li><li><strong>ZABURZENIA ROZWOJOWE NOWORODK\u00d3W, DZIECI I M\u0141ODZIE\u017bY<\/strong><ul><li>pora\u017cenie splotu barkowego<\/li><li>kr\u0119cz szyjny<\/li><li>zniekszta\u0142cenia g\u0142\u00f3wki u noworodk\u00f3w i niemowl\u0105t<\/li><li>autyzm<\/li><li>m\u00f3zgowe pora\u017cenie dzieci\u0119ce<\/li><li>problemy z nauk\u0105<\/li><li>&#8222;zamkni\u0119cie w sobie&#8221;<\/li><li>zaburzenia mowy<\/li><li>b\u00f3le w obr\u0119bie g\u0142owy, ucha<\/li><li>deficyty umys\u0142owe<\/li><li>os\u0142abienie odporno\u015bci<\/li><li>cz\u0119ste stany zapalne zatok<\/li><\/ul><\/li><li><strong>STYMULACJA PACJENT\u00d3W W \u015aPI\u0104CZKACH POURAZOWYCH<\/strong><\/li><li><strong>DOLEGLIWO\u015aCI O CECHACH OBJAW\u00d3W WEGETATYWNYCH<\/strong> (gdzie w badaniach obiektywnych nie znajduje si\u0119 przyczyn organicznych)<ul><li>zawroty<\/li><li>omdlenia<\/li><li>zas\u0142abni\u0119cia<\/li><li>md\u0142o\u015bci<\/li><li>wymioty<\/li><li>d\u017awi\u0119ki w uszach lub g\u0142owie<\/li><li>napi\u0119cia w krtani<\/li><li>zaburzenia widzenia i s\u0142yszenia<\/li><li>inne<\/li><\/ul><\/li><li><strong>B\u00d3LE FANTOMOWE<\/strong><\/li><li><strong>MIGRENY<\/strong><\/li><li><strong>DOLEGLIWO\u015aCI PSYCHOSOMATYCZNE<\/strong><ul><li>nerwice<\/li><li>nerwice wegetatywne<\/li><\/ul><\/li><li><strong>DOLEGLIWO\u015aCI PSEUDONACZYNIOWE I PSEUDONEUROLOGICZNE<\/strong><ul><li>cierpni\u0119cia<\/li><li>mrowienia<\/li><li>uczucie ch\u0142odu lub gor\u0105ca<\/li><li>uczucie zm\u0119czenia<\/li><li>os\u0142abienie<\/li><\/ul><\/li><li><strong>DOLEGLIWO\u015aCI SPOWODOWANE PRZEWLEK\u0141YMI CHOROBAMI WEWN\u0118TRZNYMI, REUMATOIDALNYMI, NEUROLOGICZNYMI<\/strong><\/li><li><strong>DOLEGLIWO\u015aCI POZORUJ\u0104CE CHOROBY NARZ\u0104D\u00d3W WEWN\u0118TRZNYCH<\/strong> (gdzie w obiektywnych badaniach lekarskich nie stwierdzono przyczyn organicznych)<ul><li>b\u00f3le zatok<\/li><li>zaburzenia czynno\u015bciowe pracy narz\u0105d\u00f3w wewn\u0119trznych: w\u0105troby i p\u0119cherzyka \u017c\u00f3\u0142ciowego, \u017co\u0142\u0105dka i dwunastnicy<\/li><li>refluks \u017co\u0142\u0105dkowo-prze\u0142ykowy <\/li><li>stany po zapaleniach i chorobie wrzodowej \u017co\u0142\u0105dka i dwunastnicy<\/li><li>zaburzenia pochodz\u0105ce z jelita cienkiego<\/li><li>zaparcia<\/li><li>b\u00f3le w klatce piersiowej<\/li><li>b\u00f3le brzucha<\/li><\/ul><\/li><li><strong>STANY POOPREACYJNE<\/strong><ul><li>staw\u00f3w kolanowych<\/li><li>staw\u00f3w biodrowych<\/li><li>staw\u00f3w skokowych<\/li><li>kr\u0119gos\u0142upa<\/li><li>stawy ko\u0144czyny g\u00f3rnej<\/li><\/ul><\/li><li><strong>STANY PO:<\/strong><ul><li>po skr\u0119ceniach, zwichni\u0119ciach<\/li><li>po naderwaniu mi\u0119\u015bni i wi\u0119zade\u0142<\/li><li>po z\u0142amaniach i urazach kr\u0119gos\u0142upa, urazach m\u00f3zgowo-czaszkowych<\/li><\/ul><\/li><li><strong>LECZENIE STAN\u00d3W PRZECI\u0104\u017bENIOWYCH U SPORTOWC\u00d3W<\/strong><\/li><li><strong>USG narz\u0105du ruchu, SONOFEEDBACK<\/strong><\/li><li><strong>LECZENIE STAN\u00d3W PRZED I POOPERACYJNYCH KR\u0118GOS\u0141UPA<\/strong><\/li><li><strong>LECZENIE PORA\u017bE\u0143 WIOTKICH I SPASTYCZNYCH<\/strong><\/li><\/ul>\n\n\n\n<div class=\"wp-block-buttons is-layout-flex wp-block-buttons-is-layout-flex\">\n<div class=\"wp-block-button has-custom-width wp-block-button__width-50\"><a class=\"wp-block-button__link has-accent-background-color has-background\" href=\"http:\/\/terapiabolu.org\/index.php\/cennik\/\" style=\"border-radius:5px\">Zobacz cennik<\/a><\/div>\n<\/div>\n","protected":false},"excerpt":{"rendered":"<p>Zachowanie porz\u0105dku, a nie naprawianie porz\u0105dku, jest najwy\u017csz\u0105 zasad\u0105 m\u0105dro\u015bci.Leczy\u0107 chorob\u0119 po tym, jak ju\u017c si\u0119 pojawi to tak jak kopa\u0107 studni\u0119, kiedy zachcia\u0142o si\u0119 pi\u0107 lub ku\u0107 bro\u0144, kiedy rozpocz\u0119\u0142a si\u0119 wojna. Hanug Di (\u017b\u00f3\u0142ty Cesarz) Tzi Bo Nei Jing II w p.n.e. MEDYCYNA MANUALNA w tej koncepcji jest [&hellip;]<\/p>\n","protected":false},"author":1,"featured_media":102,"parent":0,"menu_order":0,"comment_status":"closed","ping_status":"closed","template":"","meta":{"_themeisle_gutenberg_block_has_review":false,"footnotes":""},"class_list":["post-134","page","type-page","status-publish","has-post-thumbnail","hentry"],"_links":{"self":[{"href":"http:\/\/terapiabolu.org\/index.php\/wp-json\/wp\/v2\/pages\/134","targetHints":{"allow":["GET"]}}],"collection":[{"href":"http:\/\/terapiabolu.org\/index.php\/wp-json\/wp\/v2\/pages"}],"about":[{"href":"http:\/\/terapiabolu.org\/index.php\/wp-json\/wp\/v2\/types\/page"}],"author":[{"embeddable":true,"href":"http:\/\/terapiabolu.org\/index.php\/wp-json\/wp\/v2\/users\/1"}],"replies":[{"embeddable":true,"href":"http:\/\/terapiabolu.org\/index.php\/wp-json\/wp\/v2\/comments?post=134"}],"version-history":[{"count":14,"href":"http:\/\/terapiabolu.org\/index.php\/wp-json\/wp\/v2\/pages\/134\/revisions"}],"predecessor-version":[{"id":501,"href":"http:\/\/terapiabolu.org\/index.php\/wp-json\/wp\/v2\/pages\/134\/revisions\/501"}],"wp:featuredmedia":[{"embeddable":true,"href":"http:\/\/terapiabolu.org\/index.php\/wp-json\/wp\/v2\/media\/102"}],"wp:attachment":[{"href":"http:\/\/terapiabolu.org\/index.php\/wp-json\/wp\/v2\/media?parent=134"}],"curies":[{"name":"wp","href":"https:\/\/api.w.org\/{rel}","templated":true}]}}