{"id":146,"date":"2022-01-02T11:42:20","date_gmt":"2022-01-02T11:42:20","guid":{"rendered":"http:\/\/terapiabolu.org\/?page_id=146"},"modified":"2022-01-02T11:42:21","modified_gmt":"2022-01-02T11:42:21","slug":"terapia-czaszkowo-krzyzowa","status":"publish","type":"page","link":"http:\/\/terapiabolu.org\/index.php\/terapia-czaszkowo-krzyzowa\/","title":{"rendered":"Terapia czaszkowo-krzy\u017cowa"},"content":{"rendered":"\n<p><strong>WSKAZANIA DO TERAPII:<\/strong><\/p>\n\n\n\n<ul class=\"wp-block-list\"><li>b\u00f3le i zawroty g\u0142owy<\/li><li>migreny b\u00f3le kr\u0119gos\u0142upa b\u00f3le ko\u0144czyn cierpni\u0119cia i mrowienia<\/li><li>zesp\u00f3\u0142 jelita wra\u017cliwego wzd\u0119cia, zaparcia, inne<\/li><li>fibromialgia<\/li><li>nerwice<\/li><li>koncentracji nadpobudliwo\u015b\u0107<\/li><li>stres, urazy powypadkowe<\/li><li>autyzm, depresja<\/li><li>zaburzenia osobowo\u015bci, psychozy<\/li><li>chroniczne zm\u0119czenie, problemy w uczeniu si\u0119 i zapami\u0119tywaniu<\/li><li>dysleksja<\/li><li>dysfunkcje stawu skroniowo-\u017cuchwowego<\/li><li>nadwaga, \u201eopuchni\u0119cia\u201c<\/li><li>kolki u dzieci<\/li><li>ADHD<\/li><li>zaburzenia snu<\/li><li>urazy m\u00f3zgu oraz rdzenia kr\u0119gowego<\/li><li>PTSD \u2013Syndrom Stresu Pourazowego<\/li><li>zaburzenia endokrynologiczne<\/li><li>zaburzenia pooperacyjne<\/li><li>zaburzenia u niemowl\u0105t i dzieci<\/li><li>b\u00f3le narz\u0105du ruchu podczas ci\u0105\u017cy<\/li><\/ul>\n\n\n\n<p><strong>TERAPIA DZIECI<\/strong><\/p>\n\n\n\n<p>W sytuacjach, kiedy Pacjentem jest dziecko, sesja jest zdecydowanie kr\u00f3tsza, a jej przebieg bardziej dynamiczny. Pozycja ma\u0142ego Pacjenta cz\u0119sto zmienia si\u0119 z minuty na minut\u0119. Wymaganym elementem terapii jest obecno\u015b\u0107 rodzica lub opiekuna.<\/p>\n\n\n\n<p><strong>Wskazania do terapii dla dzieci:<\/strong><\/p>\n\n\n\n<ul class=\"wp-block-list\"><li>Wady postawy<\/li><li>Nier\u00f3wnowaga miednicy<\/li><li>Stopy p\u0142asko-ko\u015blawe, kolana ko\u015blawe<\/li><li>Zaburzenia oddychania<\/li><li>Zaburzenia wypr\u00f3\u017cniania, kolki<\/li><li>Kr\u0119cze Wodog\u0142owie, Ma\u0142og\u0142owie<\/li><li>Autyzm, Zesp\u00f3\u0142 Aspergera<\/li><li>Spastyka, Hipotonia, Hipertonia<\/li><li>M\u00f3zgowe Pora\u017cenie Dzieci\u0119ce<\/li><li>Asymetrie<\/li><li>Idiopatyczne Skoliozy Dzieci\u0119ce<\/li><li>L\u0119ki, Niepokoje, Zaburzenia snu Afonia,<\/li><li>Zaburzenia mowy<\/li><li>Stany pourazowe, pooperacyjne<\/li><\/ul>\n","protected":false},"excerpt":{"rendered":"<p>WSKAZANIA DO TERAPII: b\u00f3le i zawroty g\u0142owy migreny b\u00f3le kr\u0119gos\u0142upa b\u00f3le ko\u0144czyn cierpni\u0119cia i mrowienia zesp\u00f3\u0142 jelita wra\u017cliwego wzd\u0119cia, zaparcia, inne fibromialgia nerwice koncentracji nadpobudliwo\u015b\u0107 stres, urazy powypadkowe autyzm, depresja zaburzenia osobowo\u015bci, psychozy chroniczne zm\u0119czenie, problemy w uczeniu si\u0119 i zapami\u0119tywaniu dysleksja dysfunkcje stawu skroniowo-\u017cuchwowego nadwaga, \u201eopuchni\u0119cia\u201c kolki u dzieci [&hellip;]<\/p>\n","protected":false},"author":1,"featured_media":101,"parent":0,"menu_order":0,"comment_status":"closed","ping_status":"closed","template":"","meta":{"_themeisle_gutenberg_block_has_review":false,"footnotes":""},"class_list":["post-146","page","type-page","status-publish","has-post-thumbnail","hentry"],"_links":{"self":[{"href":"http:\/\/terapiabolu.org\/index.php\/wp-json\/wp\/v2\/pages\/146","targetHints":{"allow":["GET"]}}],"collection":[{"href":"http:\/\/terapiabolu.org\/index.php\/wp-json\/wp\/v2\/pages"}],"about":[{"href":"http:\/\/terapiabolu.org\/index.php\/wp-json\/wp\/v2\/types\/page"}],"author":[{"embeddable":true,"href":"http:\/\/terapiabolu.org\/index.php\/wp-json\/wp\/v2\/users\/1"}],"replies":[{"embeddable":true,"href":"http:\/\/terapiabolu.org\/index.php\/wp-json\/wp\/v2\/comments?post=146"}],"version-history":[{"count":4,"href":"http:\/\/terapiabolu.org\/index.php\/wp-json\/wp\/v2\/pages\/146\/revisions"}],"predecessor-version":[{"id":150,"href":"http:\/\/terapiabolu.org\/index.php\/wp-json\/wp\/v2\/pages\/146\/revisions\/150"}],"wp:featuredmedia":[{"embeddable":true,"href":"http:\/\/terapiabolu.org\/index.php\/wp-json\/wp\/v2\/media\/101"}],"wp:attachment":[{"href":"http:\/\/terapiabolu.org\/index.php\/wp-json\/wp\/v2\/media?parent=146"}],"curies":[{"name":"wp","href":"https:\/\/api.w.org\/{rel}","templated":true}]}}