{"id":205,"date":"2022-01-02T12:48:43","date_gmt":"2022-01-02T12:48:43","guid":{"rendered":"http:\/\/terapiabolu.org\/?page_id=205"},"modified":"2022-01-05T07:04:10","modified_gmt":"2022-01-05T07:04:10","slug":"medycyna-manualna-holistyczna","status":"publish","type":"page","link":"http:\/\/terapiabolu.org\/index.php\/medycyna-manualna-holistyczna\/","title":{"rendered":"Medycyna Manualna Holistyczna"},"content":{"rendered":"\n<p><strong>Medycyna Manualna w Modelu Holistycznym<\/strong> to system naturolecznictwa, kt\u00f3ry uwzgl\u0119dnia holistyczny obraz \u017cycia cz\u0142owieka oraz wp\u0142yw na jego \u017cycie zewn\u0119trznych zmian, takich jak miejsce zamieszkania, pory roku, klimat oraz oddzia\u0142ywanie tych czynnik\u00f3w na stan wewn\u0119trzny. System oparty jest na wsp\u00f3\u0142czesnej wiedzy i do\u015bwiadczeniu r\u00f3\u017cnych system\u00f3w terapeutycznych w tym og\u00f3lnopoj\u0119tej Medycyny Manualnej oraz Tradycyjnej Medycyny Chi\u0144skiej, Wschodniej Medycyny Ludowej w nowoczesnym uj\u0119ciu , w kt\u00f3rej to wiele metod wsp\u00f3\u0142czesnych ma swoje korzenie oraz S\u0142owia\u0144skim Zio\u0142olecznictwie, <strong>nie rozdziela lecz integruje to co jest skuteczne na potrzeby pacjenta.<\/strong><\/p>\n\n\n\n<figure class=\"wp-block-image size-large\"><img loading=\"lazy\" decoding=\"async\" width=\"1024\" height=\"909\" src=\"http:\/\/terapiabolu.org\/wp-content\/uploads\/2021\/12\/grzegorz_rybczynski_medycyna_manualna_0020-1024x909.jpg\" alt=\"\" class=\"wp-image-123\" srcset=\"http:\/\/terapiabolu.org\/wp-content\/uploads\/2021\/12\/grzegorz_rybczynski_medycyna_manualna_0020-1024x909.jpg 1024w, http:\/\/terapiabolu.org\/wp-content\/uploads\/2021\/12\/grzegorz_rybczynski_medycyna_manualna_0020-300x266.jpg 300w, http:\/\/terapiabolu.org\/wp-content\/uploads\/2021\/12\/grzegorz_rybczynski_medycyna_manualna_0020-768x682.jpg 768w, http:\/\/terapiabolu.org\/wp-content\/uploads\/2021\/12\/grzegorz_rybczynski_medycyna_manualna_0020-1536x1364.jpg 1536w, http:\/\/terapiabolu.org\/wp-content\/uploads\/2021\/12\/grzegorz_rybczynski_medycyna_manualna_0020.jpg 1963w\" sizes=\"auto, (max-width: 1024px) 100vw, 1024px\" \/><figcaption> Medycyna Manualna w Modelu Holistycznym<\/figcaption><\/figure>\n\n\n\n<p><strong>JEST SWOIST\u0104 FILOZOFI\u0104 \u017bYCIA, <\/strong>kt\u00f3ra jako narz\u0119dzi u\u017cywa r\u00f3\u017cnych metod s\u0142u\u017c\u0105cych do diagnozowania i leczenia zmian czynno\u015bciowych tkanek oko\u0142ostawowych staw\u00f3w kr\u0119gos\u0142upa, ko\u0144czyn, narz\u0105d\u00f3w wewn\u0119trznych, centralnego i obwodowego uk\u0142adu nerwowego, obieg\u00f3w czynno\u015bciowych. Skupia w sobie szereg technik badawczych i leczniczych stosowanych w terapii manualnej, osteopatii, Tradycyjnej Medycyny Chi\u0144skiej, kr\u0119garstwie oraz innych metodach naturolecznictwa. Jego zadaniem jest odnalezienie pierwotnych przyczyn dysfunkcji organizmu, kt\u00f3rej pocz\u0105tek mo\u017ce mie\u0107 w okresie oko\u0142oporodowym lub wczesnym dzieci\u0144stwie np. na wskutek przebytego urazu, infekcji, niehigienicznego trybu \u017cycia oraz d\u0142ugotrwa\u0142ego stresu. Proces leczniczy jest oparty o bardzo szczeg\u00f3\u0142ow\u0105 znajomo\u015b\u0107 anatomii, fizjologii i neurofizjologii oraz patofizjologii. Wp\u0142ywa na stan funkcjonalny system\u00f3w regulacyjnych, obieg\u00f3w czynno\u015bciowych wszystkich uk\u0142ad\u00f3w w organizmie cz\u0142owieka w\u0142\u0105cznie z jego sfer\u0105 psychiczn\u0105 i duchow\u0105. To system leczenia, kt\u00f3ry nie jest konkurencj\u0105 dla medycyny klasycznej, lecz jest jej doskona\u0142ym uzupe\u0142nieniem.<\/p>\n\n\n\n<p>Zmiana czynno\u015bciowa tkanek objawia si\u0119 g\u0142\u00f3wnie b\u00f3lem, ale tak\u017ce zmianie tej mog\u0105 towarzyszy\u0107 inne objawy: dr\u0119twienie, pieczenie, uczucie sztywno\u015bci i inne. Nale\u017cy pami\u0119ta\u0107 \u017ce zmiany te s\u0105 wynikiem d\u0142ugoletnich przeci\u0105\u017ce\u0144.Ten system leczenia traktuje cia\u0142o cz\u0142owieka jako nierozerwaln\u0105 ca\u0142o\u015b\u0107. Wynikiem takiego podej\u015bcia jest fakt, \u017ce na przyk\u0142ad dysfunkcja tkanek oko\u0142ostawowych po\u0142\u0105czenia g\u0142owowo-szyjnego mo\u017ce pochodzi\u0107 od struktur miednicznych. Innymi s\u0142owy b\u00f3le g\u0142owy mog\u0105 mie\u0107 \u015bcis\u0142\u0105 zale\u017cno\u015b\u0107 na przyk\u0142ad z dysfunkcj\u0105 staw\u00f3w krzy\u017cowo-biodrowych. T\u0105 metod\u0119 wyr\u00f3\u017cnia bardzo silna stymulacja lecznicza struktur \u0142\u0105cznotkankowych na drodze odruchowej, wp\u0142ywamy na ka\u017cd\u0105 struktur\u0119 otaczaj\u0105c\u0105 dysfunkcyjne tkanki takie jak naczynia krwiono\u015bne, limfatyczne, unerwienie, opon\u0119 tward\u0105 i kr\u0105\u017cenie p\u0142ynu m\u00f3zgowo rdzeniowego, narz\u0105dy wewn\u0119trzne, mi\u0119\u015bnie, wi\u0119zad\u0142a, powi\u0119zi np. za pomoc\u0105 akupunktury, akupresury, ig\u0142oterapii, baniek pr\u00f3\u017cniowych, delikatnych technik wi\u0119zad\u0142owych, powi\u0119ziowych, mobilizacji i manipulacji stawowych, trzewnych, nerwowych i czaszkowych, stymulacji stref odruchowej lokomocji oraz zalece\u0144 dietetycznych.<\/p>\n\n\n\n<p><strong>Terapia jest skierowana na indywidualne, ca\u0142o\u015bciowe &#8211; holistyczne podej\u015bcie do pacjenta czego wynikiem ma by\u0107 efekt leczniczy, to doskona\u0142a oferta dla sportowc\u00f3w, kt\u00f3rym dokuczaj\u0105 dolegliwo\u015bci b\u00f3lowe imituj\u0105ce kontuzje, oraz kt\u00f3rzy chc\u0105 szybko powr\u00f3ci\u0107 do trening\u00f3w po kontuzjach czy te\u017c poprawi\u0107 wyniki sportowe. Holistyczne podej\u015bcie terapii umo\u017cliwia prac\u0119 w bardzo trudnych przypadkach takich jak schorzenia neurologiczne typu udar m\u00f3zgu, M\u00f3zgowe Pora\u017cenie Dzieci\u0119ce, \u015bpi\u0105czki, Neuroborelioza, pora\u017cenia nerw\u00f3w.<\/strong><\/p>\n\n\n\n<figure class=\"wp-block-image size-large\"><img loading=\"lazy\" decoding=\"async\" width=\"927\" height=\"1024\" src=\"http:\/\/terapiabolu.org\/wp-content\/uploads\/2021\/12\/grzegorz_rybczynski_medycyna_manualna_0011-927x1024.jpg\" alt=\"\" class=\"wp-image-82\" srcset=\"http:\/\/terapiabolu.org\/wp-content\/uploads\/2021\/12\/grzegorz_rybczynski_medycyna_manualna_0011-927x1024.jpg 927w, http:\/\/terapiabolu.org\/wp-content\/uploads\/2021\/12\/grzegorz_rybczynski_medycyna_manualna_0011-271x300.jpg 271w, http:\/\/terapiabolu.org\/wp-content\/uploads\/2021\/12\/grzegorz_rybczynski_medycyna_manualna_0011-768x849.jpg 768w, http:\/\/terapiabolu.org\/wp-content\/uploads\/2021\/12\/grzegorz_rybczynski_medycyna_manualna_0011-1390x1536.jpg 1390w, http:\/\/terapiabolu.org\/wp-content\/uploads\/2021\/12\/grzegorz_rybczynski_medycyna_manualna_0011.jpg 1762w\" sizes=\"auto, (max-width: 927px) 100vw, 927px\" \/><figcaption>Grzegorz Rybczy\u0144ski<\/figcaption><\/figure>\n\n\n\n<p><strong>G\u0142\u00f3wnym celem leczenia manualnego<\/strong> jest przywr\u00f3cenie r\u00f3wnowagi czynno\u015bciowej, harmonii wewn\u0119trznej organizmu, kt\u00f3re prowadz\u0105 do osi\u0105gni\u0119cia pe\u0142nej zgody pomi\u0119dzy nasz\u0105 fizyczno\u015bci\u0105 a nasz\u0105 emocjonalno\u015bci\u0105, sfer\u0105 psychiczn\u0105. Jednym s\u0142owem terapia uruchamia wewn\u0119trzne zasoby organizmu prowadz\u0105ce do samozdrowienia. Zabiegi przyczyniaj\u0105 si\u0119 do skr\u00f3cenia czasu leczenia, z jednoczesnym zwi\u0119kszeniem sprawno\u015bci ruchowej i zdolno\u015bci do podj\u0119cia pracy zawodowej, przy r\u00f3wnoczesnym ograniczeniu leczenia farmakologicznego.<\/p>\n","protected":false},"excerpt":{"rendered":"<p>Medycyna Manualna w Modelu Holistycznym to system naturolecznictwa, kt\u00f3ry uwzgl\u0119dnia holistyczny obraz \u017cycia cz\u0142owieka oraz wp\u0142yw na jego \u017cycie zewn\u0119trznych zmian, takich jak miejsce zamieszkania, pory roku, klimat oraz oddzia\u0142ywanie tych czynnik\u00f3w na stan wewn\u0119trzny. System oparty jest na wsp\u00f3\u0142czesnej wiedzy i do\u015bwiadczeniu r\u00f3\u017cnych system\u00f3w terapeutycznych w tym og\u00f3lnopoj\u0119tej Medycyny [&hellip;]<\/p>\n","protected":false},"author":1,"featured_media":86,"parent":0,"menu_order":0,"comment_status":"closed","ping_status":"closed","template":"","meta":{"_themeisle_gutenberg_block_has_review":false,"footnotes":""},"class_list":["post-205","page","type-page","status-publish","has-post-thumbnail","hentry"],"_links":{"self":[{"href":"http:\/\/terapiabolu.org\/index.php\/wp-json\/wp\/v2\/pages\/205","targetHints":{"allow":["GET"]}}],"collection":[{"href":"http:\/\/terapiabolu.org\/index.php\/wp-json\/wp\/v2\/pages"}],"about":[{"href":"http:\/\/terapiabolu.org\/index.php\/wp-json\/wp\/v2\/types\/page"}],"author":[{"embeddable":true,"href":"http:\/\/terapiabolu.org\/index.php\/wp-json\/wp\/v2\/users\/1"}],"replies":[{"embeddable":true,"href":"http:\/\/terapiabolu.org\/index.php\/wp-json\/wp\/v2\/comments?post=205"}],"version-history":[{"count":5,"href":"http:\/\/terapiabolu.org\/index.php\/wp-json\/wp\/v2\/pages\/205\/revisions"}],"predecessor-version":[{"id":388,"href":"http:\/\/terapiabolu.org\/index.php\/wp-json\/wp\/v2\/pages\/205\/revisions\/388"}],"wp:featuredmedia":[{"embeddable":true,"href":"http:\/\/terapiabolu.org\/index.php\/wp-json\/wp\/v2\/media\/86"}],"wp:attachment":[{"href":"http:\/\/terapiabolu.org\/index.php\/wp-json\/wp\/v2\/media?parent=205"}],"curies":[{"name":"wp","href":"https:\/\/api.w.org\/{rel}","templated":true}]}}