{"id":212,"date":"2022-01-02T14:39:34","date_gmt":"2022-01-02T14:39:34","guid":{"rendered":"http:\/\/terapiabolu.org\/?page_id=212"},"modified":"2022-01-02T14:48:19","modified_gmt":"2022-01-02T14:48:19","slug":"podologia-rehabilitacyjna","status":"publish","type":"page","link":"http:\/\/terapiabolu.org\/index.php\/podologia-rehabilitacyjna\/","title":{"rendered":"Podologia rehabilitacyjna"},"content":{"rendered":"\n<p>PODOLOGIA REHABILITACYJNA &#8211; Jest dzia\u0142em medycyny, kt\u00f3ry znajduje si\u0119 leczeniem chor\u00f3b st\u00f3p, deformacji stopy i stawu skokowo-goleniowego.<\/p>\n\n\n\n<p><strong>Indywidualne podej\u015bcie terapeutyczne<\/strong> pozwala na uzyskanie doskona\u0142ych efekt\u00f3w terapeutycznych ju\u017c po pierwszym zabiegu. Moj\u0105 specjalno\u015bci\u0105 jest leczenie zaburze\u0144 narz\u0105du ruchu ze szczeg\u00f3lnym uwzgl\u0119dnieniem st\u00f3p.<\/p>\n\n\n\n<p><strong>Leczenie poparte jest wnikliw\u0105 analiz\u0105<\/strong> biomechaniczn\u0105, badaniem manualnym ca\u0142ego narz\u0105du, badaniem na pododoskopie, badaniem USG. W zale\u017cno\u015bci od wykrytych zaburze\u0144 stosuje si\u0119 zabiegi uruchamiaj\u0105ce stawy w ca\u0142ym narz\u0105dzie ruchu, techniki powi\u0119ziowe, ig\u0142oterapi\u0119, indywidualnie dobrane \u0107wiczenia wzmacniaj\u0105ce mi\u0119\u015bnie os\u0142abione stymuluj\u0105ce czucie g\u0142\u0119bokie z wykorzystaniem biofeedbacku, z regu\u0142y aby uzyska\u0107 trwa\u0142y efekt zabiegu nale\u017cy dobra\u0107 wk\u0142adki ortopedyczne, kt\u00f3re b\u0119d\u0105 podtrzymywa\u0107 korekt\u0119 w narz\u0105dzie ruchu.<\/p>\n\n\n\n<div style=\"height:25px\" aria-hidden=\"true\" class=\"wp-block-spacer\"><\/div>\n\n\n\n<p><strong>Pomoc uzyskaj\u0105 pacjenci z takimi schorzeniami jak:<\/strong><\/p>\n\n\n\n<ul class=\"wp-block-list\"><li>dolegliwo\u015bciami b\u00f3lowe w obr\u0119bie st\u00f3p, stopa cukrzycowa, stopa reumatoidalna,<\/li><li>ostroga pi\u0119towa<\/li><li>zapalenie rozci\u0119gna podeszwowego<\/li><li>metatarsalgia<\/li><li>haluxy<\/li><li>b\u00f3le kr\u0119gos\u0142upa<\/li><li>rwa kulszowa<\/li><li>b\u00f3le g\u0142owy<\/li><li>modzele<\/li><li>stopa p\u0142asko &#8211; ko\u015blawa<\/li><li>stopa szpotawa<\/li><li>b\u00f3le po skr\u0119ceniach i zwichni\u0119ciach w stawach skokowych<\/li><li>b\u00f3le st\u00f3p przy uprawianiu sportu<\/li><li>b\u00f3le po z\u0142amaniach w obr\u0119bie ko\u0144czyn dolnych, st\u00f3p<\/li><li>b\u00f3le po operacjach w obr\u0119bie st\u00f3p<\/li><li>przeci\u0105\u017cenia \u015bci\u0119gna ahillesa<\/li><li>b\u00f3le w obr\u0119bie bioder i kolan oraz kr\u0119gos\u0142upa<\/li><\/ul>\n\n\n\n<p><strong>LECZENIE WAD ST\u00d3P U DZIECI<\/strong><\/p>\n\n\n\n<p>Terapia polega na szczeg\u00f3\u0142owym badaniu ko\u0144czyn dolnych i st\u00f3p na podoskopie, analizie zdj\u0119cia Rtg, ocenie deformacji stopy. Nast\u0119pnie zostaje wprowadzona tr\u00f3jp\u0142aszczyznowa manualna korekcja ustawienia element\u00f3w kostnych stopy poprzez rozci\u0105gni\u0119cie przykurczonych mi\u0119\u015bni i wzmocnienie mi\u0119\u015bni os\u0142abionych oraz utrwaleniu efektu terapii poprzez banda\u017cowanie banda\u017cem elastycznym- alternatywa dla gipsowania st\u00f3pek i operacji.<\/p>\n\n\n\n<div style=\"height:25px\" aria-hidden=\"true\" class=\"wp-block-spacer\"><\/div>\n\n\n\n<p><strong>TERAPIA NEUROROZWOJOWA<\/strong> &#8211; noworodk\u00f3w , niemowl\u0105t i dzieci ORAZ DOROS\u0141YCH<\/p>\n\n\n\n<ul class=\"wp-block-list\"><li>urazy czaszkowo m\u00f3zgowe<\/li><li>\u015bpi\u0105czki<\/li><li>m\u00f3zgowe pora\u017cenie dzieci\u0119ce<\/li><li>przepuklina oponowo &#8211; rdzeniowa<\/li><li>wodog\u0142owie<\/li><li>op\u00f3\u017anienia rozwoju psychoruchowego<\/li><li>zaburzenia o\u015brodkowej koordynacji ruchowej<\/li><li>udary m\u00f3zgu<\/li><\/ul>\n\n\n\n<figure class=\"wp-block-image size-large\"><img loading=\"lazy\" decoding=\"async\" width=\"1024\" height=\"498\" src=\"http:\/\/terapiabolu.org\/wp-content\/uploads\/2021\/12\/grzegorz_rybczynski_medycyna_manualna_0019-1024x498.jpg\" alt=\"\" class=\"wp-image-122\" srcset=\"http:\/\/terapiabolu.org\/wp-content\/uploads\/2021\/12\/grzegorz_rybczynski_medycyna_manualna_0019-1024x498.jpg 1024w, http:\/\/terapiabolu.org\/wp-content\/uploads\/2021\/12\/grzegorz_rybczynski_medycyna_manualna_0019-300x146.jpg 300w, http:\/\/terapiabolu.org\/wp-content\/uploads\/2021\/12\/grzegorz_rybczynski_medycyna_manualna_0019-768x373.jpg 768w, http:\/\/terapiabolu.org\/wp-content\/uploads\/2021\/12\/grzegorz_rybczynski_medycyna_manualna_0019.jpg 1440w\" sizes=\"auto, (max-width: 1024px) 100vw, 1024px\" \/><\/figure>\n\n\n\n<p><strong>Leczenie oparte jest o najnowocze\u015bniejsze systemy terapii neurfizjologicznej.<\/strong> Efektywno\u015b\u0107 terapii zawdzi\u0119czamy przede wszystkim bardzo dobrej znajomo\u015bci neurofizjologii i anatomii. Na pocz\u0105tku terapii nale\u017cy oceni\u0107 stan funkcjonalny pacjenta i mo\u017cliwo\u015bci organizmu pod k\u0105tem oczekiwanych efekt\u00f3w terapeutycznych. Nale\u017cy stworzy\u0107 odpowiedni\u0105 koncepcj\u0119 terapii aby nie pracowa\u0107 w ciemno. Wa\u017cne tutaj jest wykorzystanie najmocniejszych element\u00f3w organizmu w celu aktywowania s\u0142abszych. Na terapi\u0119 neurofizjologiczn\u0105 sk\u0142ada si\u0119 wiele rozwi\u0105za\u0144 terapeutycznych takich jak wykorzystanie pozycji rozwojowych zar\u00f3wno w terapii dzieci jak i doros\u0142ych, stymulowanie stref odruchowego pe\u0142zania i odruchowego obrotu, wywo\u0142ywanie synergizm\u00f3w w celu aktywizacji ta\u015bm mi\u0119\u015bniowych bior\u0105cych udzia\u0142 w ruchu funkcjonalnym. Wa\u017cnym wydaje si\u0119 zastosowanie terapii manualnej, kt\u00f3rej wiele technik ma charakter odruchowy i wp\u0142ywa stymuluj\u0105ca na uk\u0142ad nerwowy.<\/p>\n","protected":false},"excerpt":{"rendered":"<p>PODOLOGIA REHABILITACYJNA &#8211; Jest dzia\u0142em medycyny, kt\u00f3ry znajduje si\u0119 leczeniem chor\u00f3b st\u00f3p, deformacji stopy i stawu skokowo-goleniowego. Indywidualne podej\u015bcie terapeutyczne pozwala na uzyskanie doskona\u0142ych efekt\u00f3w terapeutycznych ju\u017c po pierwszym zabiegu. Moj\u0105 specjalno\u015bci\u0105 jest leczenie zaburze\u0144 narz\u0105du ruchu ze szczeg\u00f3lnym uwzgl\u0119dnieniem st\u00f3p. Leczenie poparte jest wnikliw\u0105 analiz\u0105 biomechaniczn\u0105, badaniem manualnym ca\u0142ego [&hellip;]<\/p>\n","protected":false},"author":1,"featured_media":124,"parent":0,"menu_order":0,"comment_status":"closed","ping_status":"closed","template":"","meta":{"_themeisle_gutenberg_block_has_review":false,"footnotes":""},"class_list":["post-212","page","type-page","status-publish","has-post-thumbnail","hentry"],"_links":{"self":[{"href":"http:\/\/terapiabolu.org\/index.php\/wp-json\/wp\/v2\/pages\/212","targetHints":{"allow":["GET"]}}],"collection":[{"href":"http:\/\/terapiabolu.org\/index.php\/wp-json\/wp\/v2\/pages"}],"about":[{"href":"http:\/\/terapiabolu.org\/index.php\/wp-json\/wp\/v2\/types\/page"}],"author":[{"embeddable":true,"href":"http:\/\/terapiabolu.org\/index.php\/wp-json\/wp\/v2\/users\/1"}],"replies":[{"embeddable":true,"href":"http:\/\/terapiabolu.org\/index.php\/wp-json\/wp\/v2\/comments?post=212"}],"version-history":[{"count":8,"href":"http:\/\/terapiabolu.org\/index.php\/wp-json\/wp\/v2\/pages\/212\/revisions"}],"predecessor-version":[{"id":226,"href":"http:\/\/terapiabolu.org\/index.php\/wp-json\/wp\/v2\/pages\/212\/revisions\/226"}],"wp:featuredmedia":[{"embeddable":true,"href":"http:\/\/terapiabolu.org\/index.php\/wp-json\/wp\/v2\/media\/124"}],"wp:attachment":[{"href":"http:\/\/terapiabolu.org\/index.php\/wp-json\/wp\/v2\/media?parent=212"}],"curies":[{"name":"wp","href":"https:\/\/api.w.org\/{rel}","templated":true}]}}