{"id":227,"date":"2022-01-02T14:51:06","date_gmt":"2022-01-02T14:51:06","guid":{"rendered":"http:\/\/terapiabolu.org\/?page_id=227"},"modified":"2022-10-02T09:15:39","modified_gmt":"2022-10-02T09:15:39","slug":"usg-narzadu-ruchu","status":"publish","type":"page","link":"http:\/\/terapiabolu.org\/index.php\/usg-narzadu-ruchu\/","title":{"rendered":"USG narz\u0105du ruchu"},"content":{"rendered":"\n<p><strong>Mikrochirurgia &#8211; pod kontrol\u0105 USG<\/strong> <\/p>\n\n\n\n<p>Obecnie jednym z najcz\u0119\u015bciej wykonywanych bada\u0144 obrazowych chor\u00f3b uk\u0142adu mi\u0119\u015bniowo-szkieletowego jest ultrasonografia (USG). W wielu dysfunkcjach uk\u0142adu ruchu skutecznie i szybko pomaga postawi\u0107 diagnoz\u0119 i zaplanowa\u0107 prawid\u0142ow\u0105 terapi\u0119. Du\u017c\u0105 zalet\u0105 ultrasonografii jest to, \u017ce badanie mo\u017cna wykona\u0107 w uk\u0142adzie dynamicznym tzn. poruszaj\u0105c dan\u0105 cz\u0119\u015bci\u0105 cia\u0142a. USG w wielu przypadkach mo\u017ce zast\u0105pi\u0107 mniej dost\u0119pne badania takie jak rezonans magnetyczny i tomografi\u0119 komputerow\u0105.<\/p>\n\n\n\n<p><strong>Po\u0142\u0105czenie \u0107wicze\u0144 terapeutycznych i obrazu USG<\/strong> danego obszaru poddanego terapii pomaga pacjentowi lepiej zrozumie\u0107 \u0107wiczenie i kontrolowa\u0107 jako\u015b\u0107 wykonywanego ruchu, poprawia jego wyobra\u017cenie. Przenosi si\u0119 to na dok\u0142adno\u015b\u0107 wykonania \u0107wiczenia i na szybsze efekty terapii. W trakcie terapii okre\u015bla si\u0119 z jak\u0105 czynno\u015bci\u0105 ruchow\u0105 pacjent\/sportowiec ma problem, jak du\u017ce s\u0105 ograniczenia i bolesno\u015b\u0107. Ustala si\u0119 zagro\u017cone kierunki ruchu w danym stawie i\/lub z\u0142\u0105 prac\u0119 uszkodzonego mi\u0119\u015bnia. Nast\u0119pnie pacjentowi\/zawodnikowi zaleca si\u0119 bezpieczne i skorygowane \u0107wiczenia.<\/p>\n\n\n\n<p>Du\u017c\u0105 zalet\u0105 aparatu USG jest mo\u017cliwo\u015b\u0107 wykonania zabiegu ig\u0142oterapii pod kontrol\u0105 USG, dzi\u0119ki czemu precyzyjnie mo\u017cna dokona\u0107 zabiegu w obr\u0119bie struktur stawowych, wi\u0119zad\u0142owych i mi\u0119\u015bniowych. Mo\u017cna oceni\u0107 jako\u015b\u0107 tkanek przed terapi\u0105, nast\u0119pnie post\u0119p leczenia po terapii.<\/p>\n\n\n\n<p>Zabiegi wykonywane w gabinecie Medycyny Manualnej pod kontrol\u0105 USG s\u0105 mi\u0119dzy innymi w takich dysfunkcjach narz\u0105du ruchu jak: <\/p>\n\n\n\n<ul class=\"wp-block-list\"><li>ostroga pi\u0119towa z zapaleniem rozci\u0119gna podeszwowego, <\/li><\/ul>\n\n\n\n<ul class=\"wp-block-list\"><li>przewlek\u0142e zapalenie \u015bci\u0119gna Achillesa, <\/li><\/ul>\n\n\n\n<ul class=\"wp-block-list\"><li>uszkodzenie \u015bci\u0119gien mi\u0119\u015bni sto\u017cka rotator\u00f3w, <\/li><\/ul>\n\n\n\n<ul class=\"wp-block-list\"><li>\u0142okie\u0107 golfisty, tenisisty, <\/li><\/ul>\n\n\n\n<ul class=\"wp-block-list\"><li>zesp\u00f3\u0142 cie\u015bni nadgarstka, <\/li><\/ul>\n\n\n\n<ul class=\"wp-block-list\"><li>kolano skoczka itp.<\/li><\/ul>\n\n\n\n<p>W gabinecie wykonywane s\u0105 zabiegi przezsk\u00f3rnej elektrolizy EPTE pod kontrol\u0105 USG.<\/p>\n\n\n\n<p>Przezsk\u00f3rna elektroliza polega na wprowadzeniu ig\u0142y do akupunktury w miejsce zmienione chorobowo , np. entezopatia mm zginaczy grzbietowych d\u0142oni ( \u0142okie\u0107 tenisisty) i zaaplikowaniu odpowiedniej dawki pr\u0105d\u00f3w galwanicznych, kt\u00f3re dodatkowo przyspieszaj\u0105 regeneracj\u0119 i prawid\u0142ow\u0105 przebudow\u0119 tkanek.<\/p>\n","protected":false},"excerpt":{"rendered":"<p>Mikrochirurgia &#8211; pod kontrol\u0105 USG Obecnie jednym z najcz\u0119\u015bciej wykonywanych bada\u0144 obrazowych chor\u00f3b uk\u0142adu mi\u0119\u015bniowo-szkieletowego jest ultrasonografia (USG). W wielu dysfunkcjach uk\u0142adu ruchu skutecznie i szybko pomaga postawi\u0107 diagnoz\u0119 i zaplanowa\u0107 prawid\u0142ow\u0105 terapi\u0119. Du\u017c\u0105 zalet\u0105 ultrasonografii jest to, \u017ce badanie mo\u017cna wykona\u0107 w uk\u0142adzie dynamicznym tzn. poruszaj\u0105c dan\u0105 cz\u0119\u015bci\u0105 cia\u0142a. [&hellip;]<\/p>\n","protected":false},"author":1,"featured_media":95,"parent":0,"menu_order":0,"comment_status":"closed","ping_status":"closed","template":"","meta":{"_themeisle_gutenberg_block_has_review":false,"footnotes":""},"class_list":["post-227","page","type-page","status-publish","has-post-thumbnail","hentry"],"_links":{"self":[{"href":"http:\/\/terapiabolu.org\/index.php\/wp-json\/wp\/v2\/pages\/227","targetHints":{"allow":["GET"]}}],"collection":[{"href":"http:\/\/terapiabolu.org\/index.php\/wp-json\/wp\/v2\/pages"}],"about":[{"href":"http:\/\/terapiabolu.org\/index.php\/wp-json\/wp\/v2\/types\/page"}],"author":[{"embeddable":true,"href":"http:\/\/terapiabolu.org\/index.php\/wp-json\/wp\/v2\/users\/1"}],"replies":[{"embeddable":true,"href":"http:\/\/terapiabolu.org\/index.php\/wp-json\/wp\/v2\/comments?post=227"}],"version-history":[{"count":6,"href":"http:\/\/terapiabolu.org\/index.php\/wp-json\/wp\/v2\/pages\/227\/revisions"}],"predecessor-version":[{"id":520,"href":"http:\/\/terapiabolu.org\/index.php\/wp-json\/wp\/v2\/pages\/227\/revisions\/520"}],"wp:featuredmedia":[{"embeddable":true,"href":"http:\/\/terapiabolu.org\/index.php\/wp-json\/wp\/v2\/media\/95"}],"wp:attachment":[{"href":"http:\/\/terapiabolu.org\/index.php\/wp-json\/wp\/v2\/media?parent=227"}],"curies":[{"name":"wp","href":"https:\/\/api.w.org\/{rel}","templated":true}]}}