{"id":239,"date":"2022-01-02T15:00:54","date_gmt":"2022-01-02T15:00:54","guid":{"rendered":"http:\/\/terapiabolu.org\/?page_id=239"},"modified":"2022-01-02T15:07:48","modified_gmt":"2022-01-02T15:07:48","slug":"sesja-zabiegowa","status":"publish","type":"page","link":"http:\/\/terapiabolu.org\/index.php\/sesja-zabiegowa\/","title":{"rendered":"Sesja zabiegowa"},"content":{"rendered":"\n<p><strong>Anamnesis znaczy przypominanie<\/strong><\/p>\n\n\n\n<p>Anamneza to historia choroby pacjenta. Uwzgl\u0119dnia ca\u0142y jej profil, od momentu inicjacji doznania do chwili obecnej. W przypadku chor\u00f3b sfery parietalno-trzewnej b\u0119dzie to zazwyczaj doznanie b\u00f3lowe i objawy siostrzane jej, czyli na przyk\u0142ad mrowienie, os\u0142abienie si\u0142y mi\u0119\u015bniowej, os\u0142abienie czucia sk\u00f3rnego. Anamneza jest procesem ci\u0105g\u0142ym. Jest poj\u0119ciem abstrakcyjnym, ale zawieszona na do\u015bwiadczeniu klinicznym posiada bardzo du\u017c\u0105 istotno\u015b\u0107 terapeutyczn\u0105. Anamneza obejmuje ca\u0142o\u015b\u0107 choroby: czas trwania, dynamik\u0119 zmian, okresy remisji itd. Pami\u0119\u0107 tkankowa to zdolno\u015b\u0107 tkanek mi\u0119kkich do zapami\u0119tywania dozna\u0144, na przyk\u0142ad b\u00f3lowych, lub innych kt\u00f3re manifestuje dysfunkcja uk\u0142adu nerwowego. Mo\u017cna rozpatrywa\u0107 j\u0105 jedynie na poziomie tkanek mi\u0119kkich, ale jest to za\u0142o\u017cenie idealizuj\u0105ce, poniewa\u017c b\u00f3l i objawy towarzysz\u0105ce dysfunkcjom nie s\u0105 szczelnie izolowane od sfery psychicznej. Pomi\u0119dzy struktur\u0105 psychiczn\u0105 i fizyczno\u015bci\u0105 istnieje nieustanny dynamiczny proces komunikacji, \u015bcis\u0142ej. T\u0105 pami\u0119\u0107 mo\u017cna wyzwoli\u0107, a wi\u0119c do\u015bwiadczy\u0107 w tera\u017aniejszo\u015bci doznania przesz\u0142ego.<\/p>\n\n\n\n<p><strong>Sesja terapeutyczna<\/strong><\/p>\n\n\n\n<p>Wa\u017cne jest aby Pacjent zrozumia\u0142 proces leczenia i to od niego w 80% zale\u017cy sukces jakim jest powr\u00f3t organizmu do r\u00f3wnowagi.<\/p>\n\n\n\n<p>Sesja terapeutyczna nie jest procesem mechanistycznym, czyli nie obejmuje jedynie zabieg\u00f3w manualnych np. &#8222;nastawiania&#8221;. Istotniejsza wydaje si\u0119 anamneza i pami\u0119\u0107 tkankowa. To one definiuj\u0105 swoisto\u015b\u0107 choroby, s\u0105 rusztowaniem \u017ar\u00f3d\u0142owym, a w trakcie rozwoju linii anamnestycznej dochodzi do nawarstwie\u0144 na\u0144 dozna\u0144 z kr\u0119gu przeci\u0105\u017ceniowego lub organicznego. R\u00f3wnie istotne jest pos\u0142ugiwanie si\u0119 testem kontrolnym, wska\u017ce on nam struktury chore i potwierdzi lub wykluczy proces organiczny lub przeci\u0105\u017ceniowy. Efektywno\u015b\u0107 zabiegu nie ogranicza si\u0119 tylko do ust\u0105pienia objaw\u00f3w, ale tak\u017ce d\u0105\u017cy do utrzymania trwa\u0142o\u015bci efektu terapeutycznego poprzez d\u0105\u017cenie do odzyskania wewn\u0119trznej r\u00f3wnowagi wszystkich uk\u0142ad\u00f3w regulacyjnych organizmu.<\/p>\n\n\n\n<p><strong>Z regu\u0142y potrzeba od 2 do 5 sesji terapeutycznych,<\/strong> a czasami nawet wi\u0119cej zabieg\u00f3w, wszystko to jest uwarunkowane stanem pacjenta i jego mo\u017cliwo\u015bciami samoregeneracji.<\/p>\n\n\n\n<p>W celu przywr\u00f3cenia i utrzymania efektu terapeutycznego pacjent powinien kontynuowa\u0107 autoterapi\u0119.<\/p>\n","protected":false},"excerpt":{"rendered":"<p>Anamnesis znaczy przypominanie Anamneza to historia choroby pacjenta. Uwzgl\u0119dnia ca\u0142y jej profil, od momentu inicjacji doznania do chwili obecnej. W przypadku chor\u00f3b sfery parietalno-trzewnej b\u0119dzie to zazwyczaj doznanie b\u00f3lowe i objawy siostrzane jej, czyli na przyk\u0142ad mrowienie, os\u0142abienie si\u0142y mi\u0119\u015bniowej, os\u0142abienie czucia sk\u00f3rnego. Anamneza jest procesem ci\u0105g\u0142ym. Jest poj\u0119ciem abstrakcyjnym, [&hellip;]<\/p>\n","protected":false},"author":1,"featured_media":101,"parent":0,"menu_order":0,"comment_status":"closed","ping_status":"closed","template":"","meta":{"_themeisle_gutenberg_block_has_review":false,"footnotes":""},"class_list":["post-239","page","type-page","status-publish","has-post-thumbnail","hentry"],"_links":{"self":[{"href":"http:\/\/terapiabolu.org\/index.php\/wp-json\/wp\/v2\/pages\/239","targetHints":{"allow":["GET"]}}],"collection":[{"href":"http:\/\/terapiabolu.org\/index.php\/wp-json\/wp\/v2\/pages"}],"about":[{"href":"http:\/\/terapiabolu.org\/index.php\/wp-json\/wp\/v2\/types\/page"}],"author":[{"embeddable":true,"href":"http:\/\/terapiabolu.org\/index.php\/wp-json\/wp\/v2\/users\/1"}],"replies":[{"embeddable":true,"href":"http:\/\/terapiabolu.org\/index.php\/wp-json\/wp\/v2\/comments?post=239"}],"version-history":[{"count":6,"href":"http:\/\/terapiabolu.org\/index.php\/wp-json\/wp\/v2\/pages\/239\/revisions"}],"predecessor-version":[{"id":250,"href":"http:\/\/terapiabolu.org\/index.php\/wp-json\/wp\/v2\/pages\/239\/revisions\/250"}],"wp:featuredmedia":[{"embeddable":true,"href":"http:\/\/terapiabolu.org\/index.php\/wp-json\/wp\/v2\/media\/101"}],"wp:attachment":[{"href":"http:\/\/terapiabolu.org\/index.php\/wp-json\/wp\/v2\/media?parent=239"}],"curies":[{"name":"wp","href":"https:\/\/api.w.org\/{rel}","templated":true}]}}