{"id":268,"date":"2022-01-02T15:57:38","date_gmt":"2022-01-02T15:57:38","guid":{"rendered":"http:\/\/terapiabolu.org\/?page_id=268"},"modified":"2025-11-11T15:22:46","modified_gmt":"2025-11-11T15:22:46","slug":"cennik","status":"publish","type":"page","link":"http:\/\/terapiabolu.org\/index.php\/cennik\/","title":{"rendered":"Cennik"},"content":{"rendered":"\n<figure class=\"wp-block-table is-style-stripes\"><table><thead><tr><th><strong>Lp.<\/strong><\/th><th><strong>Zabieg\/Us\u0142uga<\/strong><\/th><th class=\"has-text-align-right\" data-align=\"right\"><strong>Cena PLN<\/strong><\/th><\/tr><\/thead><tbody><tr><td>1. <\/td><td>Sesja terapeutyczna Osteopatii, Terapii Manualnej, Akupunktury, Ig\u0142oterapii, USG  narz\u0105du ruchu, terapia fal\u0105 piezoelektryczn\u0105 oraz recepta zio\u0142owa  wliczone w cen\u0119 terapii.<\/td><td class=\"has-text-align-right\" data-align=\"right\">300 z\u0142<\/td><\/tr><tr><td>2.<\/td><td> Sesja terapeutyczna Osteopatii pediatrycznej  <\/td><td class=\"has-text-align-right\" data-align=\"right\">250 z\u0142<\/td><\/tr><tr><td>3.<\/td><td>Zabieg Ig\u0142oterapii, Przezsk\u00f3rna elektroliza EPTE przy u\u017cyciu mikropr\u0105d\u00f3w galwanicznych. Sesja trwa do 30 minut. Z regu\u0142y pierwsza wizyta trwa oko\u0142o 30 minut nast\u0119pne do  25 minut. <\/td><td class=\"has-text-align-right\" data-align=\"right\">300 z\u0142<\/td><\/tr><tr><td>4.<\/td><td>Terapia pacjent\u00f3w neurologicznych wraz z edukacj\u0105 pacjenta i rodziny<\/td><td class=\"has-text-align-right\" data-align=\"right\">500 z\u0142 <br>\/1 h<\/td><\/tr><tr><td>5.<\/td><td>Edukacja w zakresie terapii ba\u0144kami, klawiterapii Zio\u0142olecznictwa<\/td><td class=\"has-text-align-right\" data-align=\"right\">500 z\u0142 <br>\/1 h<\/td><\/tr><tr><td>6.<\/td><td>Dob\u00f3r i wykonanie indywidualnych wk\u0142adek ortopedycznych<\/td><td class=\"has-text-align-right\" data-align=\"right\">   200 z\u0142<\/td><\/tr><tr><td>7. <\/td><td>Hirudoterapia- terapia pijawk\u0105 lekarsk\u0105<\/td><td class=\"has-text-align-right\" data-align=\"right\">350 z\u0142<\/td><\/tr><\/tbody><tfoot><tr><td><br><\/td><td> KONSULTACJA telefoniczna i on-line: analiza wynik\u00f3w bada\u0144, ocena stanu organizmu,    w tym recepta zio\u0142owa <\/td><td class=\"has-text-align-right\" data-align=\"right\">200 z\u0142<\/td><\/tr><\/tfoot><\/table><\/figure>\n\n\n\n<p><\/p>\n\n\n\n<p><strong>Uwagi:<\/strong><\/p>\n\n\n\n<ul class=\"wp-block-list\">\n<li>Podane stawki s\u0105 orientacyjne i mog\u0105 ulec zmianie.<\/li>\n\n\n\n<li>Badanie EMG i USG na potrzeby Terapii.<\/li>\n\n\n\n<li>Pacjenci przyjmowani w ramach pomocy dora\u017anej &#8211; czas wizyty do 15 minut. <\/li>\n<\/ul>\n","protected":false},"excerpt":{"rendered":"<p>Lp. Zabieg\/Us\u0142uga Cena PLN 1. Sesja terapeutyczna Osteopatii, Terapii Manualnej, Akupunktury, Ig\u0142oterapii, USG narz\u0105du ruchu, terapia fal\u0105 piezoelektryczn\u0105 oraz recepta zio\u0142owa wliczone w cen\u0119 terapii. 300 z\u0142 2. Sesja terapeutyczna Osteopatii pediatrycznej 250 z\u0142 3. Zabieg Ig\u0142oterapii, Przezsk\u00f3rna elektroliza EPTE przy u\u017cyciu mikropr\u0105d\u00f3w galwanicznych. Sesja trwa do 30 minut. Z [&hellip;]<\/p>\n","protected":false},"author":1,"featured_media":100,"parent":0,"menu_order":0,"comment_status":"closed","ping_status":"closed","template":"","meta":{"_themeisle_gutenberg_block_has_review":false,"footnotes":""},"class_list":["post-268","page","type-page","status-publish","has-post-thumbnail","hentry"],"_links":{"self":[{"href":"http:\/\/terapiabolu.org\/index.php\/wp-json\/wp\/v2\/pages\/268","targetHints":{"allow":["GET"]}}],"collection":[{"href":"http:\/\/terapiabolu.org\/index.php\/wp-json\/wp\/v2\/pages"}],"about":[{"href":"http:\/\/terapiabolu.org\/index.php\/wp-json\/wp\/v2\/types\/page"}],"author":[{"embeddable":true,"href":"http:\/\/terapiabolu.org\/index.php\/wp-json\/wp\/v2\/users\/1"}],"replies":[{"embeddable":true,"href":"http:\/\/terapiabolu.org\/index.php\/wp-json\/wp\/v2\/comments?post=268"}],"version-history":[{"count":70,"href":"http:\/\/terapiabolu.org\/index.php\/wp-json\/wp\/v2\/pages\/268\/revisions"}],"predecessor-version":[{"id":634,"href":"http:\/\/terapiabolu.org\/index.php\/wp-json\/wp\/v2\/pages\/268\/revisions\/634"}],"wp:featuredmedia":[{"embeddable":true,"href":"http:\/\/terapiabolu.org\/index.php\/wp-json\/wp\/v2\/media\/100"}],"wp:attachment":[{"href":"http:\/\/terapiabolu.org\/index.php\/wp-json\/wp\/v2\/media?parent=268"}],"curies":[{"name":"wp","href":"https:\/\/api.w.org\/{rel}","templated":true}]}}