{"id":332,"date":"2022-01-02T16:01:00","date_gmt":"2022-01-02T16:01:00","guid":{"rendered":"http:\/\/terapiabolu.org\/?page_id=332"},"modified":"2026-01-22T11:28:46","modified_gmt":"2026-01-22T11:28:46","slug":"rodo","status":"publish","type":"page","link":"http:\/\/terapiabolu.org\/index.php\/rodo\/","title":{"rendered":"RODO"},"content":{"rendered":"\n<p><strong>OCHRONA DANYCH OSOBOWYCH<\/strong><\/p>\n\n\n\n<p>Szanowni pa\u0144stwo uprzejmie informujemy, \u017ce Administratorem Waszych danych osobowych jest Medycyna Manualna Grzegorz Rybczy\u0144ski DRAWINY 58 66-551 DRAWINY, Gabinet Osteopatii ul. Wojska Polskiego 7. 64-761 Krzy\u017c Wlkp.<\/p>\n\n\n\n<p>Pa\u0144stwa dane osobowe przetwarzane s\u0105 wy\u0142\u0105cznie w celach ochrony zdrowia na podstawie Ustawy z dnia 6 listopada 2008 r. oprawach pacjenta i rzecznika Praw Pacjenta ( Dz. U. z 2017 r. poz. 1318).<\/p>\n\n\n\n<p>Pa\u0144stwa dane osobowe w tym dane o stanie zdrowia przechowywane b\u0119d\u0105 przez okres wskazany w wy\u017cej wymienionej ustawie.<\/p>\n\n\n\n<p><strong>Zgodnie z obowi\u0105zuj\u0105cymi przepisami maj\u0105 Pa\u0144stwo prawo:<\/strong><\/p>\n\n\n\n<ul class=\"wp-block-list\">\n<li>\u017c\u0105da\u0107 od administratora dost\u0119pu do w\u0142asnych danych osobowych i ich sprostowania lub usuni\u0119cia oraz mo\u017cliwo\u015bci wykonania sprzeciwu wobec przetwarzania Pa\u0144stwa danych osobowych.<\/li>\n\n\n\n<li>wnie\u015b\u0107 skarg\u0119 do Prezesa Urz\u0119du Ochrony Danych Osobowych.<\/li>\n<\/ul>\n\n\n\n<p><strong>Podstawa Prawna:<\/strong><\/p>\n\n\n\n<p>ROZPORZ\u0104DZENIE PARLAMENTU EUROPEJSKIEGO i RADY UE 2016\/679 z dnia 27 kwietnia 2016r. w sprawie ochrony os\u00f3b fizycznych w zwi\u0105zku z przetwarzaniem danych osobowych i w sprawie swobodnego przep\u0142ywu takich danych oraz uchylenia dyrektywy 95\/46\/WE (og\u00f3lne rozporz\u0105dzenie o ochronie danych).<\/p>\n","protected":false},"excerpt":{"rendered":"<p>OCHRONA DANYCH OSOBOWYCH Szanowni pa\u0144stwo uprzejmie informujemy, \u017ce Administratorem Waszych danych osobowych jest Medycyna Manualna Grzegorz Rybczy\u0144ski DRAWINY 58 66-551 DRAWINY, Gabinet Osteopatii ul. Wojska Polskiego 7. 64-761 Krzy\u017c Wlkp. Pa\u0144stwa dane osobowe przetwarzane s\u0105 wy\u0142\u0105cznie w celach ochrony zdrowia na podstawie Ustawy z dnia 6 listopada 2008 r. oprawach [&hellip;]<\/p>\n","protected":false},"author":1,"featured_media":97,"parent":0,"menu_order":0,"comment_status":"closed","ping_status":"closed","template":"","meta":{"_themeisle_gutenberg_block_has_review":false,"footnotes":""},"class_list":["post-332","page","type-page","status-publish","has-post-thumbnail","hentry"],"_links":{"self":[{"href":"http:\/\/terapiabolu.org\/index.php\/wp-json\/wp\/v2\/pages\/332","targetHints":{"allow":["GET"]}}],"collection":[{"href":"http:\/\/terapiabolu.org\/index.php\/wp-json\/wp\/v2\/pages"}],"about":[{"href":"http:\/\/terapiabolu.org\/index.php\/wp-json\/wp\/v2\/types\/page"}],"author":[{"embeddable":true,"href":"http:\/\/terapiabolu.org\/index.php\/wp-json\/wp\/v2\/users\/1"}],"replies":[{"embeddable":true,"href":"http:\/\/terapiabolu.org\/index.php\/wp-json\/wp\/v2\/comments?post=332"}],"version-history":[{"count":3,"href":"http:\/\/terapiabolu.org\/index.php\/wp-json\/wp\/v2\/pages\/332\/revisions"}],"predecessor-version":[{"id":638,"href":"http:\/\/terapiabolu.org\/index.php\/wp-json\/wp\/v2\/pages\/332\/revisions\/638"}],"wp:featuredmedia":[{"embeddable":true,"href":"http:\/\/terapiabolu.org\/index.php\/wp-json\/wp\/v2\/media\/97"}],"wp:attachment":[{"href":"http:\/\/terapiabolu.org\/index.php\/wp-json\/wp\/v2\/media?parent=332"}],"curies":[{"name":"wp","href":"https:\/\/api.w.org\/{rel}","templated":true}]}}