{"id":335,"date":"2022-01-02T20:50:03","date_gmt":"2022-01-02T20:50:03","guid":{"rendered":"http:\/\/terapiabolu.org\/?page_id=335"},"modified":"2024-10-14T11:47:32","modified_gmt":"2024-10-14T11:47:32","slug":"kursy-medycyna-manualna","status":"publish","type":"page","link":"http:\/\/terapiabolu.org\/index.php\/kursy-medycyna-manualna\/","title":{"rendered":"Kursy &#8211; Medycyna manualna"},"content":{"rendered":"\n<p><strong><em>Warsztat z manipulacji w obr\u0119bie staw\u00f3w kr\u0119gos\u0142upa, \u017ceber i staw\u00f3w obwodowych. 23 listopada 2024 . Opis poni\u017cej<\/em><\/strong>.<\/p>\n\n\n\n<p><strong>Autorski Kurs w formie warsztatu integruj\u0105cy diagnostyk\u0119, zabiegi ig\u0142oterapii \u2013 suchego ig\u0142owania, akupunktury, akupresury w Medycynie Manualnej, Osteopatii.<\/strong><\/p>\n\n\n\n<p>Aktualnie przewidziane s\u0105 3 modu\u0142y Obejmuj\u0105ce Diagnostyk\u0119, techniki manualne w leczeniu dysfunkcji narz\u0105du ruchu \u2013 manipulacje i mobilizacje stawowe, powi\u0119ziowe i trzewne, Ig\u0142oterapia, Akupunktura, punktopresura, masa\u017c podci\u015bnieniowy ba\u0144k\u0105 pr\u00f3\u017cniow\u0105, Integracja leczenia manualnego z ig\u0142owaniem i akupresur\u0105. 4 i 5modu\u0142 zaawansowany \u2013 Integracja leczenia punktopresur\u0105 i kraniopunktur\u0105 w zaburzeniach wisceralnych i czaszkowych \u2013 modu\u0142y internistyczno neurologiczne.<\/p>\n\n\n\n<p><strong>Celem szkolenia<\/strong> jest zapoznanie z diagnostyk\u0105 u\u0142atwiaj\u0105c\u0105 rozpoznawanie objaw\u00f3w pochodz\u0105cych z r\u00f3\u017cnych obieg\u00f3w regulacyjnych i czynno\u015bciowych organizmu, diagnostyka funkcjonalna \u2013 skupiaj\u0105ca si\u0119 na przywr\u00f3ceniu funkcji. <\/p>\n\n\n\n<p>Diagnostyka oparta na cz\u0119\u015bci logicznego my\u015blenia oraz na cz\u0119\u015bci empirycznej cz\u0119sto wykraczaj\u0105ca poza granice rozumowania logicznego.<\/p>\n\n\n\n<p>Podczas szkolenia k\u0142adziemy szczeg\u00f3lny nacisk na umiej\u0119tno\u015bci praktyczne. Kursant ju\u017c po uko\u0144czeniu pierwszego modu\u0142u ma mo\u017cliwo\u015b\u0107 prowadzenia skutecznej terapii w zaburzeniach narz\u0105du ruchu w\u0142\u0105cznie z stanami ostrymi.<\/p>\n\n\n\n<p>Szkolenie jest skonstruowane w taki spos\u00f3b, \u017ce ka\u017cdy kursant mo\u017ce stosowa\u0107 techniki lecznicze zgodnie ze swoimi umiej\u0119tno\u015bciami i predyspozycjami manualnymi.<\/p>\n\n\n\n<p>W szkoleniu mog\u0105 wzi\u0105\u0107 udzia\u0142 fizjoterapeuci, technicy masa\u017cy\u015bci oraz osoby zainteresowane medycyn\u0105 naturaln\u0105.<\/p>\n\n\n\n<p><strong>Informacje<\/strong> dotycz\u0105ce termin\u00f3w, miejsca i cen pod mailem <a href=\"http:\/\/mailto\" data-type=\"URL\" data-id=\"mailto\">gr3\u00a9interia.pl<\/a> oraz pod numerem <strong>tel. 691 929 048<\/strong>.<\/p>\n\n\n\n<h3 class=\"wp-block-heading\">Modu\u0142 I &#8211; Sk\u00f3ra<\/h3>\n\n\n\n<p>I modu\u0142 szkolenia po\u015bwi\u0119cony jest szczeg\u00f3\u0142owej diagnostyce oraz terapii w obr\u0119bie pierwszej warstwy jak\u0105 jest sk\u00f3ra. Praktyczne zastosowanie i celowana teoria.<\/p>\n\n\n\n<p><strong>Program szkolenia:<\/strong><\/p>\n\n\n\n<ul class=\"wp-block-list\">\n<li>Wprowadzenie do Medycyny Wschodu, Tradycyjnej Medycyny Chi\u0144skiej.<\/li>\n\n\n\n<li>Teoria 5 faz &#8211; w diagnostyce i terapii.<\/li>\n\n\n\n<li>Diagnoza:\n<ul class=\"wp-block-list\">\n<li>g\u0142os<\/li>\n\n\n\n<li>ogl\u0105danie<\/li>\n\n\n\n<li>zapach<\/li>\n<\/ul>\n<\/li>\n\n\n\n<li>Diagnostyka z pow\u0142ok brzusznych:\n<ul class=\"wp-block-list\">\n<li>palpacja: strefy sk\u00f3rne<\/li>\n\n\n\n<li>t\u0119tnienie aorty<\/li>\n\n\n\n<li>napi\u0119cie i b\u00f3l<\/li>\n\n\n\n<li>w\u0119z\u0142y narz\u0105dowe<\/li>\n<\/ul>\n<\/li>\n\n\n\n<li>Diagnostyka z stref odruchowych wg Heada<\/li>\n\n\n\n<li>Odruchy sk\u00f3rno trzewne, trzewno-sk\u00f3rne<\/li>\n\n\n\n<li>Diagnostyka z j\u0119zyka<\/li>\n\n\n\n<li>Diagnostyka ze \u015blad\u00f3w po ba\u0144ce<\/li>\n\n\n\n<li>Diagnostyka z meridian\u00f3w:\n<ul class=\"wp-block-list\">\n<li>korelacja meridian\u00f3w w segmentami ruchowymi kr\u0119gos\u0142upa<\/li>\n\n\n\n<li>korelacja meridian\u00f3w z dysfunkcjami, w narz\u0105dzie ruchu i dysfunkcjami trzewnymi<\/li>\n<\/ul>\n<\/li>\n\n\n\n<li>Zang Fu<\/li>\n\n\n\n<li>Diagnostyka wg 8 zasad<\/li>\n\n\n\n<li>Diagnoza stanu energetycznego organizmu<\/li>\n\n\n\n<li>Ucho:<\/li>\n\n\n\n<li>Badanie w obr\u0119bie ucha:\n<ul class=\"wp-block-list\">\n<li>nerwy czaszkowe<\/li>\n\n\n\n<li>kana\u0142 zewn\u0119trzny ucha<\/li>\n\n\n\n<li>aurikuloterapia<\/li>\n<\/ul>\n<\/li>\n\n\n\n<li>Zastosowanie miodu &#8211; ok\u0142ady z miodu i produkt\u00f3w pszczelich.<\/li>\n<\/ul>\n\n\n\n<p><strong>Informacje<\/strong> dotycz\u0105ce termin\u00f3w, miejsca i cen pod mailem <a href=\"http:\/\/mailto\" data-type=\"URL\" data-id=\"mailto\">gr3\u00a9interia.pl<\/a> oraz pod numerem <strong>tel. 691 929 048<\/strong>. <br><\/p>\n\n\n\n<h3 class=\"wp-block-heading\">Modu\u0142 II &#8211; Kr\u0119gos\u0142up<\/h3>\n\n\n\n<p><strong>Program szkolenia:<\/strong><\/p>\n\n\n\n<ul class=\"wp-block-list\">\n<li>Diagnostyka:\n<ul class=\"wp-block-list\">\n<li>palpacja<\/li>\n\n\n\n<li>testy naczyniowe<\/li>\n\n\n\n<li>nerwowe<\/li>\n\n\n\n<li>testy funkcjonalne<\/li>\n\n\n\n<li>Korelacja szlak\u00f3w anatomicznych z meridianami<\/li>\n<\/ul>\n<\/li>\n\n\n\n<li>Terapia:\n<ul class=\"wp-block-list\">\n<li>Dermopresura<\/li>\n\n\n\n<li>Ig\u0142oterapia punkt\u00f3w kluczowych dla dysfunkcji odkr\u0119gos\u0142upowych<\/li>\n\n\n\n<li>Mobilizacje i manipulacje stawowe &#8211; stawy kr\u0119gos\u0142upa<\/li>\n\n\n\n<li>Powi\u0105zania trzewne z b\u00f3lami kr\u0119gos\u0142upa &#8211; wisceralne r\u00f3wnowa\u017cenie w obr\u0119bie jamy brzusznej<\/li>\n<\/ul>\n<\/li>\n\n\n\n<li>Obszary:\n<ul class=\"wp-block-list\">\n<li>Ko\u015b\u0107 klinowa, przej\u015bcie C0-C1<\/li>\n\n\n\n<li>Odcinek Szyjny , przje\u015bcie C\/Th<\/li>\n\n\n\n<li>Odcinek piersiowy, stawy \u017cebrowo kr\u0119gowe, przej\u015bcie TH\/L<\/li>\n\n\n\n<li>Odcinek l\u0119d\u017awiowy, przej\u015bcie L\/S<\/li>\n\n\n\n<li>Ko\u015b\u0107 Krzy\u017cowa, Ko\u015b\u0107 guziczna<\/li>\n\n\n\n<li>Przepona, \u017co\u0142\u0105dek, w\u0105troba \u2013 drogi \u017c\u00f3\u0142ciowe i p\u0119cherzyk \u017c\u00f3\u0142ciowy, dwunastnica, \u015bledziona, trzustka, jelito grube, jelito cienkie<\/li>\n<\/ul>\n<\/li>\n<\/ul>\n\n\n\n<p>Bardzo du\u017ca porcja wiedzy praktycznej z zakresu medycyny naturalnej. <\/p>\n\n\n\n<p>Kursant otrzyma dyplom za\u015bwiadczaj\u0105cy o udziale w warsztacie.<\/p>\n\n\n\n<p><strong>Informacje<\/strong> dotycz\u0105ce termin\u00f3w, miejsca i cen pod mailem <a href=\"http:\/\/mailto\" data-type=\"URL\" data-id=\"mailto\">gr3\u00a9interia.pl<\/a> oraz pod numerem <strong>tel. 691 929 048<\/strong>.<\/p>\n\n\n\n<h3 class=\"wp-block-heading\">Modu\u0142 III &#8211; Ig\u0142oterapia<\/h3>\n\n\n\n<p><strong>Informacje<\/strong> dotycz\u0105ce termin\u00f3w, miejsca i cen pod mailem <a href=\"http:\/\/mailto\" data-type=\"URL\" data-id=\"mailto\">gr3\u00a9interia.pl<\/a> oraz pod numerem <strong>tel. 691 929 048<\/strong>. <\/p>\n\n\n\n<h3 class=\"wp-block-heading\">Modu\u0142 IV &#8211; Szyja i klatka piersiowa<\/h3>\n\n\n\n<ul class=\"wp-block-list\">\n<li>Obszary:\n<ul class=\"wp-block-list\">\n<li>Szyja \u2013 mi\u0119\u015bnie szyi, powi\u0119zi szyi i klatki piersiowej, naczynia i nerwy w obr\u0119bie szyi<\/li>\n\n\n\n<li>Obojczyki<\/li>\n\n\n\n<li>Mostek, po\u0142\u0105czenia chrz\u0119stno mostkowe, chrz\u0119stno \u017cebrowe, stawy \u017cebrowo &#8211; poprzeczne, stawy \u017cebrowo-kr\u0119gowe, \u0142uki \u017ceber, przepona<\/li>\n\n\n\n<li>\u015ar\u00f3dpiersie<\/li>\n<\/ul>\n<\/li>\n<\/ul>\n\n\n\n<p><strong>Warsztat z manipulacji <\/strong>w obr\u0119bie kr\u0119gos\u0142upa i staw\u00f3w obwodowych &#8211; nowy termin sobota 23.11.2024 r.<\/p>\n\n\n\n<p>Warsztat jednodniowy oko\u0142o 8 godzin jest przewidziany dla os\u00f3b, kt\u00f3re chc\u0105 podnie\u015b\u0107 swoje umiej\u0119tno\u015bci w zakresie manipulacji stawowych w obr\u0119bie kr\u0119gos\u0142upa, \u017ceber, staw\u00f3w obwodowych.<\/p>\n\n\n\n<p>Program jednodniowego warsztatu :<\/p>\n\n\n\n<p>Zasady manipulacji<\/p>\n\n\n\n<p>BHP<\/p>\n\n\n\n<p>Szybkie badanie dysfunkcji stawowych: nas\u0142uch, testy funkcjonalne<\/p>\n\n\n\n<p>Badanie pow\u0142ok sk\u00f3rnych<\/p>\n\n\n\n<p>Szybkie testy naczyniowe<\/p>\n\n\n\n<p>Testy nerwowe<\/p>\n\n\n\n<p>Mobilizacje, mobilizacje z ruchem i manipulacje stawowe, techniki harmoniczne, BLT w praktyce.<\/p>\n\n\n\n<p>Kr\u0119gos\u0142up piersiowy<\/p>\n\n\n\n<p>Klatka piersiowa &#8211; po\u0142\u0105czenia mostkowo &#8211; chrz\u0119stno- \u017cebrowe, stawy \u017cebrowo poprzeczne, \u017cebrowo kr\u0119gowe.<\/p>\n\n\n\n<p>Kr\u0119gos\u0142up l\u0119d\u017awiowo krzy\u017cowy<\/p>\n\n\n\n<p>Kr\u0119gos\u0142up szyjny, przej\u015bcie C0\/C1<\/p>\n\n\n\n<p>Stawy ko\u0144czyn dolnych i g\u00f3rnych<\/p>\n\n\n\n<p>R\u00f3wnowa\u017cenie organizmu po zabiegu.<\/p>\n\n\n\n<p>Termin kursu : 23 listopad  2024. godzina 9.00<\/p>\n\n\n\n<p>cena : 700 z\u0142<\/p>\n\n\n\n<p>Miejsce : Gabinet Medycyny Manualnej w Krzy\u017cu Wlkp. ul. Wojska  Polskiego 73<\/p>\n\n\n\n<p>Ilo\u015b\u0107 os\u00f3b : 6<\/p>\n\n\n\n<p><strong>Elektroakupunktura kliniczna<\/strong><\/p>\n\n\n\n<p>Autorski kurs przeznaczony, kt\u00f3ry powsta\u0142 na bazie kilkunastoletniego do\u015bwiadczenia z tradycyjn\u0105  medycyn\u0105 chi\u0144sk\u0105 i r\u00f3\u017cnymi systemami dry needlingu , ig\u0142oterapii  przeznaczony  dla os\u00f3b, kt\u00f3re mia\u0142y ju\u017c do czynienia z ig\u0142oterapi\u0105, suchym ig\u0142owaniem i akupunktur\u0105 w innych systemach akupunktury.<\/p>\n\n\n\n<p>Wyb\u00f3r aparatu do elektroakupunktury.<\/p>\n\n\n\n<p>Wyb\u00f3r cz\u0119stotliwo\u015bci do zabiegu elektroakupunktury.<\/p>\n\n\n\n<p>Diagnostyka:<\/p>\n\n\n\n<p>Diagnostyka funkcjonalna<\/p>\n\n\n\n<p>Diagnostyka wisceralna<\/p>\n\n\n\n<p>Diagnostyka neurologiczna<\/p>\n\n\n\n<p>Diagnostyka TMCH<\/p>\n\n\n\n<p>Zastosowanie elektroakupunktury:<\/p>\n\n\n\n<p>Dysfunkcje narz\u0105du ruchu.<\/p>\n\n\n\n<p>Dysfunkcje wisceralne<\/p>\n\n\n\n<p>Dysfunkcje neurologiczne<\/p>\n\n\n\n<p>Terapia nerw\u00f3w czaszkowych &#8211; rozwini\u0119cie na kursie akupunktura czaszki.<\/p>\n\n\n\n<p>\u0141\u0105czenie zabieg\u00f3w elektroakupunktury z zabiegami wisceralnymi, terapi\u0105 pr\u00f3\u017cniow\u0105, moksoterapi\u0105, manipulacjami stawowymi, manipulacjami w obr\u0119bie tkanki nerwowej.<\/p>\n\n\n\n<p>Je\u015bli oczekujesz gotowych protoko\u0142\u00f3w leczenia jak w ksi\u0105\u017cce kucharskiej to szkolenie nie jest dla Ciebie.<\/p>\n\n\n\n<p>Celem kursu jest nauczenie uczestnika rozpoznawania dysfunkcji oraz samodzielnego uk\u0142adania protoko\u0142u leczenia na podstawie znajomo\u015bci anatomii, fizjologii, biofizyki.<\/p>\n\n\n\n<h3 class=\"wp-block-heading\">Akupunktura czaszki<\/h3>\n\n\n\n<p><\/p>\n\n\n\n<p>Seria kurs\u00f3w jednodniowych po\u015bwi\u0119conych Akupunkturze czaszki:<\/p>\n\n\n\n<ul class=\"wp-block-list\">\n<li>Akupunktura czaszki w leczeniu b\u00f3lu<\/li>\n\n\n\n<li>Akupunktura czaszki w leczeniu zaburze\u0144 neurologicznych i wisceralnych<\/li>\n\n\n\n<li>Elektroakupunktura w obr\u0119bie g\u0142owy: nerwy czaszkowe, ucho, mi\u0119snie twarzy.<\/li>\n\n\n\n<li>Elektroakupunktura w kosmetologii<\/li>\n<\/ul>\n\n\n\n<h3 class=\"wp-block-heading\">Praktyczne zastosowanie Naturoterapii<\/h3>\n\n\n\n<p>Seria kurs\u00f3w przeznaczonych dla wszystkich os\u00f3b, kt\u00f3re pragn\u0105 pozna\u0107 tajniki naturolecznictwa na potrzeby swoje w\u0142asne lub zawodowe.<\/p>\n\n\n\n<ol class=\"wp-block-list\">\n<li><strong>Kurs:<\/strong> Energetyczne r\u00f3wnowa\u017cenie organizmu: BHP energetyczne, terapia czakram\u00f3w, tradycyjna bioenergoterapia, kana\u0142y energetyczne, terapia wahade\u0142kiem<\/li>\n\n\n\n<li><strong>Kurs:<\/strong> aurikuloterapia- terapia dotycz\u0105ca punkt\u00f3w odruchowych w obr\u0119bie ucha, akupunktura ucha<\/li>\n\n\n\n<li><strong>Kurs:<\/strong> praktyczne zastosowanie zi\u00f3\u0142 i suplement\u00f3w diety<\/li>\n\n\n\n<li><strong>Kurs:<\/strong> terapia pr\u00f3\u017cniowa- terapia ba\u0144kami ogniowymi, pr\u00f3\u017cniowymi, gumowymi<\/li>\n\n\n\n<li><strong>Kurs:<\/strong> Hirudoterapia &#8211; terapia pijawkami<\/li>\n<\/ol>\n\n\n\n<p><strong>Na bie\u017c\u0105co organizuje kursy weekendowe w swoim gabinecie w Krzy\u017cu Wlkp.<\/strong><br>Maksymalnie 6 os\u00f3b w grupie.<\/p>\n\n\n\n<p><strong>Informacje<\/strong> dotycz\u0105ce termin\u00f3w, miejsca i cen pod mailem <a href=\"http:\/\/mailto\" data-type=\"URL\" data-id=\"mailto\">gr3\u00a9interia.pl<\/a> oraz pod numerem <strong>tel. 691 929 048<\/strong>.<\/p>\n","protected":false},"excerpt":{"rendered":"<p>Warsztat z manipulacji w obr\u0119bie staw\u00f3w kr\u0119gos\u0142upa, \u017ceber i staw\u00f3w obwodowych. 23 listopada 2024 . Opis poni\u017cej. Autorski Kurs w formie warsztatu integruj\u0105cy diagnostyk\u0119, zabiegi ig\u0142oterapii \u2013 suchego ig\u0142owania, akupunktury, akupresury w Medycynie Manualnej, Osteopatii. Aktualnie przewidziane s\u0105 3 modu\u0142y Obejmuj\u0105ce Diagnostyk\u0119, techniki manualne w leczeniu dysfunkcji narz\u0105du ruchu \u2013 [&hellip;]<\/p>\n","protected":false},"author":1,"featured_media":93,"parent":0,"menu_order":0,"comment_status":"closed","ping_status":"closed","template":"","meta":{"_themeisle_gutenberg_block_has_review":false,"footnotes":""},"class_list":["post-335","page","type-page","status-publish","has-post-thumbnail","hentry"],"_links":{"self":[{"href":"http:\/\/terapiabolu.org\/index.php\/wp-json\/wp\/v2\/pages\/335","targetHints":{"allow":["GET"]}}],"collection":[{"href":"http:\/\/terapiabolu.org\/index.php\/wp-json\/wp\/v2\/pages"}],"about":[{"href":"http:\/\/terapiabolu.org\/index.php\/wp-json\/wp\/v2\/types\/page"}],"author":[{"embeddable":true,"href":"http:\/\/terapiabolu.org\/index.php\/wp-json\/wp\/v2\/users\/1"}],"replies":[{"embeddable":true,"href":"http:\/\/terapiabolu.org\/index.php\/wp-json\/wp\/v2\/comments?post=335"}],"version-history":[{"count":19,"href":"http:\/\/terapiabolu.org\/index.php\/wp-json\/wp\/v2\/pages\/335\/revisions"}],"predecessor-version":[{"id":572,"href":"http:\/\/terapiabolu.org\/index.php\/wp-json\/wp\/v2\/pages\/335\/revisions\/572"}],"wp:featuredmedia":[{"embeddable":true,"href":"http:\/\/terapiabolu.org\/index.php\/wp-json\/wp\/v2\/media\/93"}],"wp:attachment":[{"href":"http:\/\/terapiabolu.org\/index.php\/wp-json\/wp\/v2\/media?parent=335"}],"curies":[{"name":"wp","href":"https:\/\/api.w.org\/{rel}","templated":true}]}}