{"id":353,"date":"2022-01-02T21:13:37","date_gmt":"2022-01-02T21:13:37","guid":{"rendered":"http:\/\/terapiabolu.org\/?page_id=353"},"modified":"2022-09-13T20:54:16","modified_gmt":"2022-09-13T20:54:16","slug":"kursy-terapia-bankami","status":"publish","type":"page","link":"http:\/\/terapiabolu.org\/index.php\/kursy-terapia-bankami\/","title":{"rendered":"Kursy &#8211; Terapia ba\u0144kami"},"content":{"rendered":"\n<h3 class=\"wp-block-heading\">Terapia Pr\u00f3\u017cniowa<\/h3>\n\n\n\n<p>Jednodniowy kurs w formie praktycznego warsztatu z zastosowania terapii pr\u00f3\u017cniowej w masa\u017cu, fizjoterapii, kosmetologii.<\/p>\n\n\n\n<p>Podczas warsztat\u00f3w kursant ma mo\u017cliwo\u015b\u0107 nabycia praktycznych umiej\u0119tno\u015bci pos\u0142ugiwania ba\u0144kami ogniowymi jak i bezogniowymi &#8211; plastikowymi, silikonowymi oraz podstaw teoretycznych terapii pr\u00f3\u017cniowej.<\/p>\n\n\n\n<p>Prostota tego zabiegu polega na tym, \u017ce ka\u017cdy jest w stanie nauczy\u0107 si\u0119 stosowania terapii pr\u00f3\u017cniowej na indywidualne potrzeby jak i na potrzeby terapeutyczne.<\/p>\n\n\n\n<p><strong>Program szkolenia:<\/strong><\/p>\n\n\n\n<ul class=\"wp-block-list\"><li>Kr\u00f3tki rys historyczny terapii pr\u00f3\u017cniowej<\/li><li>Rodzaje baniek, dob\u00f3r rodzaju baniek i wielko\u015bci w zale\u017cno\u015bci od celu terapii<\/li><li>Zasady bezpiecze\u0144stwa &#8211; BHP<\/li><li>Metoda statyczna i dynamiczna, akupunkturowa, krwawe ba\u0144ki<\/li><li>Gua sha w terapii pr\u00f3\u017cniowej<\/li><li>Wskazania i przeciwwskazania do terapii pr\u00f3\u017cniowej<\/li><li>Kr\u00f3tkie wprowadzenie do medycyny wschodniej<\/li><li>Ocena sk\u00f3ry przed zabiegiem i po zabiegu ba\u0144kami<\/li><li>Zastosowanie miodu w masa\u017cu, fizjoterapii, kosmetologii:<ul><li>dynamiczna terapia miodem<\/li><li>ok\u0142ady z miodu i produkt\u00f3w pochodzenia pszczelego, zi\u00f3\u0142<\/li><\/ul><\/li><li>Zasady stosowania terapii pr\u00f3\u017cniowej w zale\u017cno\u015bci od dysfunkcji i celu terapii:<ul><li>terapia pr\u00f3\u017cniowa w dysfunkcjach narz\u0105du ruchu<\/li><li>terapia pr\u00f3\u017cniowa w dysfunkcjach wisceralnych<\/li><li>terapia pr\u00f3\u017cniowa w dysfunkcjach neurologicznych<\/li><li>terapia pr\u00f3\u017cniowa w schorzeniach internistycznych<\/li><li>terapia pr\u00f3\u017cniowa w kosmetologii<\/li><\/ul><\/li><li>Praktyczne zastosowanie terapii pr\u00f3\u017cniowej w wybranych jednostkach dysfunkcji:<ul><li>przezi\u0119bienie<\/li><li>zapalanie zatok przynosowych<\/li><li>zapalenie oskrzeli<\/li><li>zapalenie p\u0142uc<\/li><li>b\u00f3le karku<\/li><li>b\u00f3le kr\u0119gos\u0142upa piersiowego i l\u0119d\u017awiowego<\/li><li>dysfunkcje w obr\u0119bie KKG : zamro\u017cony bark, b\u00f3le w obr\u0119bie kompleksu barkowego, \u0142okie\u0107 tenisisty<\/li><li>dysfunkcje w obr\u0119bie KKD: b\u00f3le w obr\u0119bie stawu biodrowego, zesp\u00f3\u0142 pasma biodrowo- piszczelowego, uda , rwa kulszowa,kolana, zapalenie rozci\u0119gna podeszwowego<\/li><li>terapia punkt\u00f3w spustowych przy zastosowaniu terapii pr\u00f3\u017cniowej<\/li><li>dysfunkcje wisceralne : refluks \u017co\u0142\u0105dkowo- jelitowy, zaparcia<\/li><\/ul><\/li><li>Integracja zabieg\u00f3w terapii pr\u00f3\u017cniowej z terapi\u0105 manualn\u0105, wisceraln\u0105, akupunktur\u0105<\/li><\/ul>\n\n\n\n<p>Uczestnik kursu otrzymuje za\u015bwiadczenie o uko\u0144czeniu terapii pr\u00f3\u017cniowej.<\/p>\n\n\n\n<p>Szkolenie prowadzi mgr Grzegorz Rybczy\u0144ski mistrz naturopatii, osteopata D.O.<\/p>\n\n\n\n<p>Najbli\u017cszy termin pa\u017adziernik 2022<\/p>\n\n\n\n<p>Cena warsztatu 600 z\u0142<\/p>\n\n\n\n<p><strong>Informacje<\/strong> dotycz\u0105ce termin\u00f3w, miejsca i cen pod mailem <a href=\"http:\/\/mailto\" data-type=\"URL\" data-id=\"mailto\">gr3\u00a9interia.pl<\/a> oraz pod numerem <strong>tel. 691 929 048<\/strong>.<\/p>\n","protected":false},"excerpt":{"rendered":"<p>Terapia Pr\u00f3\u017cniowa Jednodniowy kurs w formie praktycznego warsztatu z zastosowania terapii pr\u00f3\u017cniowej w masa\u017cu, fizjoterapii, kosmetologii. Podczas warsztat\u00f3w kursant ma mo\u017cliwo\u015b\u0107 nabycia praktycznych umiej\u0119tno\u015bci pos\u0142ugiwania ba\u0144kami ogniowymi jak i bezogniowymi &#8211; plastikowymi, silikonowymi oraz podstaw teoretycznych terapii pr\u00f3\u017cniowej. Prostota tego zabiegu polega na tym, \u017ce ka\u017cdy jest w stanie nauczy\u0107 [&hellip;]<\/p>\n","protected":false},"author":1,"featured_media":111,"parent":0,"menu_order":0,"comment_status":"closed","ping_status":"closed","template":"","meta":{"_themeisle_gutenberg_block_has_review":false,"footnotes":""},"class_list":["post-353","page","type-page","status-publish","has-post-thumbnail","hentry"],"_links":{"self":[{"href":"http:\/\/terapiabolu.org\/index.php\/wp-json\/wp\/v2\/pages\/353","targetHints":{"allow":["GET"]}}],"collection":[{"href":"http:\/\/terapiabolu.org\/index.php\/wp-json\/wp\/v2\/pages"}],"about":[{"href":"http:\/\/terapiabolu.org\/index.php\/wp-json\/wp\/v2\/types\/page"}],"author":[{"embeddable":true,"href":"http:\/\/terapiabolu.org\/index.php\/wp-json\/wp\/v2\/users\/1"}],"replies":[{"embeddable":true,"href":"http:\/\/terapiabolu.org\/index.php\/wp-json\/wp\/v2\/comments?post=353"}],"version-history":[{"count":4,"href":"http:\/\/terapiabolu.org\/index.php\/wp-json\/wp\/v2\/pages\/353\/revisions"}],"predecessor-version":[{"id":515,"href":"http:\/\/terapiabolu.org\/index.php\/wp-json\/wp\/v2\/pages\/353\/revisions\/515"}],"wp:featuredmedia":[{"embeddable":true,"href":"http:\/\/terapiabolu.org\/index.php\/wp-json\/wp\/v2\/media\/111"}],"wp:attachment":[{"href":"http:\/\/terapiabolu.org\/index.php\/wp-json\/wp\/v2\/media?parent=353"}],"curies":[{"name":"wp","href":"https:\/\/api.w.org\/{rel}","templated":true}]}}