{"id":464,"date":"2022-01-05T18:58:30","date_gmt":"2022-01-05T18:58:30","guid":{"rendered":"http:\/\/terapiabolu.org\/?page_id=464"},"modified":"2022-01-05T19:05:32","modified_gmt":"2022-01-05T19:05:32","slug":"bole-w-odcinku-ledzwiowo-krzyzowym","status":"publish","type":"page","link":"http:\/\/terapiabolu.org\/index.php\/bole-w-odcinku-ledzwiowo-krzyzowym\/","title":{"rendered":"B\u00f3le w odcinku l\u0119d\u017awiowo krzy\u017cowym"},"content":{"rendered":"\n<p><strong>Skolioza powy\u017cej&nbsp;60 stopni- kwalifikacja do leczenia operacyjnego<\/strong><\/p>\n\n\n\n<p>Pacjent zg\u0142osi\u0142 si\u0119 do gabinetu z powodu b\u00f3l\u00f3w kr\u0119gos\u0142upa l\u0119d\u017awiowo-krzy\u017cowego. B\u00f3l promieniowa\u0142 od kr\u0119gos\u0142upa do nogi lewej a\u017c do \u015bci\u0119gna Achillesa. Promieniuj\u0105cy b\u00f3l przebiega\u0142 na tylno-bocznej cz\u0119\u015bci uda i tylnej cz\u0119\u015bci \u0142ydki lewej. B\u00f3le kolana w cz\u0119\u015bci tylnej (d\u00f3\u0142 podkolanowy). Brak uraz\u00f3w. Cz\u0119ste skurcze obu \u0142ydek. Obrz\u0119k grzbietowej powierzchni stopy i okolicy kostki bocznej. W przesz\u0142o\u015bci b\u00f3le nogi po stronie przeciwnej. W wywiadzie ostry epizod b\u00f3lowy barku lewego trzy lata temu. W chwili obecnej b\u00f3l\u00f3w barku nie ma. B\u00f3le kr\u0119gos\u0142upa nasila\u0142y si\u0119 podczas chodzenia oraz podczas wchodzenia po schodach. Silne b\u00f3le w trakcie d\u0142ugiej podr\u00f3\u017cy samochodem. B\u00f3le ko\u015bci ogonowej, mrowienie podeszwy stopy lewej i sk\u00f3ry \u0142ydki. W badaniach obrazowych prawid\u0142owy przep\u0142yw w naczyniach krwiono\u015bnych. <\/p>\n\n\n\n<p>W obrazie RTG kr\u0119gozmyk, pog\u0142\u0119bienie lordozy l\u0119d\u017awiowej, skolioza znacznego stopnia oraz zmiany zwyrodnieniowe stawu biodrowego lewego. W obrazie rezonansu magnetycznego ucisk korzenia L4 i L5 przez wypuklin\u0119 kr\u0105\u017cka mi\u0119dzykr\u0119gowego. Badanie neurologiczne nie ujawni\u0142o nieprawid\u0142owo\u015bci. Na podstawie bada\u0144 obrazowych wykluczono pochodzenie organiczne choroby. Leczenie Podczas pierwszych sesji terapeutycznych pacjent dobrze reagowa\u0142 na terapi\u0119 wi\u0119zad\u0142a krzy\u017cowo-guzowego oraz terapi\u0119 stawu biodrowego(leczenie tych struktur powodowa\u0142o \u0142agodzenie dolegliwo\u015bci). Po dw\u00f3ch sesjach zabiegowych ujawni\u0142 si\u0119 klinicznie (pojawienie si\u0119 objaw\u00f3w chorobowych z tej struktury) kr\u0119tarz ko\u015bci udowej lewej. Skutkiem tego by\u0142o pojawienie si\u0119 silnych b\u00f3l\u00f3w kolana lewego. Podj\u0119to wi\u0119c terapi\u0119 celowan\u0105 na t\u0105 struktur\u0119 wynikiem czego by\u0142o ust\u0105pienie dolegliwo\u015bci chorobowych kolana. Na 3 sesji zabiegowej wyst\u0105pi\u0142y bardzo silne b\u00f3le mi\u0119dzy\u0142opatkowe i b\u00f3le barku lewego. Podj\u0119to leczenie struktur odpowiadaj\u0105cych za te objawy. Zabiegi terapeutyczne spowodowa\u0142y ust\u0105pienie dolegliwo\u015bci b\u00f3lowych w okolicy \u0142opatek i barku oraz ca\u0142kowite ust\u0105pienie dolegliwo\u015bci b\u00f3lowych kr\u0119gos\u0142upa l\u0119d\u017awiowo-krzy\u017cowego. Czynno\u015bci terapeutyczne spowodowa\u0142y tak\u017ce ust\u0105pienie dolegliwo\u015bci neurologicznych(mrowienie podeszwy stopy i sk\u00f3ry \u0142ydki).<\/p>\n\n\n\n<p><strong>Podsumowanie:<\/strong> Najlepszym dost\u0119pem do leczenia b\u00f3l\u00f3w kr\u0119gos\u0142upa l\u0119d\u017awiowo-krzy\u017cowego u pacjenta okaza\u0142y si\u0119 struktury mi\u0119\u015bniowo-wi\u0119zad\u0142owe okolicy \u0142opatek, kt\u00f3re objawi\u0142y si\u0119 klinicznie(chorobowo)&nbsp; na 2 sesji zabiegowej.<\/p>\n\n\n\n<p>Grzegorz Rybczy\u0144ski<\/p>\n","protected":false},"excerpt":{"rendered":"<p>Skolioza powy\u017cej&nbsp;60 stopni- kwalifikacja do leczenia operacyjnego Pacjent zg\u0142osi\u0142 si\u0119 do gabinetu z powodu b\u00f3l\u00f3w kr\u0119gos\u0142upa l\u0119d\u017awiowo-krzy\u017cowego. B\u00f3l promieniowa\u0142 od kr\u0119gos\u0142upa do nogi lewej a\u017c do \u015bci\u0119gna Achillesa. Promieniuj\u0105cy b\u00f3l przebiega\u0142 na tylno-bocznej cz\u0119\u015bci uda i tylnej cz\u0119\u015bci \u0142ydki lewej. B\u00f3le kolana w cz\u0119\u015bci tylnej (d\u00f3\u0142 podkolanowy). Brak uraz\u00f3w. Cz\u0119ste [&hellip;]<\/p>\n","protected":false},"author":1,"featured_media":436,"parent":0,"menu_order":0,"comment_status":"closed","ping_status":"closed","template":"","meta":{"_themeisle_gutenberg_block_has_review":false,"footnotes":""},"class_list":["post-464","page","type-page","status-publish","has-post-thumbnail","hentry"],"_links":{"self":[{"href":"http:\/\/terapiabolu.org\/index.php\/wp-json\/wp\/v2\/pages\/464","targetHints":{"allow":["GET"]}}],"collection":[{"href":"http:\/\/terapiabolu.org\/index.php\/wp-json\/wp\/v2\/pages"}],"about":[{"href":"http:\/\/terapiabolu.org\/index.php\/wp-json\/wp\/v2\/types\/page"}],"author":[{"embeddable":true,"href":"http:\/\/terapiabolu.org\/index.php\/wp-json\/wp\/v2\/users\/1"}],"replies":[{"embeddable":true,"href":"http:\/\/terapiabolu.org\/index.php\/wp-json\/wp\/v2\/comments?post=464"}],"version-history":[{"count":6,"href":"http:\/\/terapiabolu.org\/index.php\/wp-json\/wp\/v2\/pages\/464\/revisions"}],"predecessor-version":[{"id":479,"href":"http:\/\/terapiabolu.org\/index.php\/wp-json\/wp\/v2\/pages\/464\/revisions\/479"}],"wp:featuredmedia":[{"embeddable":true,"href":"http:\/\/terapiabolu.org\/index.php\/wp-json\/wp\/v2\/media\/436"}],"wp:attachment":[{"href":"http:\/\/terapiabolu.org\/index.php\/wp-json\/wp\/v2\/media?parent=464"}],"curies":[{"name":"wp","href":"https:\/\/api.w.org\/{rel}","templated":true}]}}