{"id":466,"date":"2022-01-05T19:00:13","date_gmt":"2022-01-05T19:00:13","guid":{"rendered":"http:\/\/terapiabolu.org\/?page_id=466"},"modified":"2022-01-05T19:05:43","modified_gmt":"2022-01-05T19:05:43","slug":"wiezadlo-biodrowo-ledzwiowe","status":"publish","type":"page","link":"http:\/\/terapiabolu.org\/index.php\/wiezadlo-biodrowo-ledzwiowe\/","title":{"rendered":"Wi\u0119zad\u0142o Biodrowo-L\u0119d\u017awiowe"},"content":{"rendered":"\n<p><strong>Cechy wybranych struktur powoduj\u0105cych b\u00f3le kr\u0119gos\u0142upa<\/strong><\/p>\n\n\n\n<p>Wi\u0119zad\u0142o biodrowo-l\u0119d\u017awiowe jest struktur\u0105 \u0142\u0105cz\u0105c\u0105 kr\u0119gi L4 i L5 kr\u0119gos\u0142upa z talerzem biodrowym i ko\u015bci\u0105 krzy\u017cow\u0105. Jest struktur\u0105 stabilizuj\u0105c\u0105 staw krzy\u017cowo-biodrowy oraz kr\u0119gos\u0142up L\/S. Bardzo silnie przeci\u0105\u017ca t\u0105 struktur\u0119 przykurcz mi\u0119\u015bni tylnej cz\u0119\u015bci uda i podudzia. Zbyt wczesne pionizowanie ma\u0142ego dziecka jest tak\u017ce istotnym czynnikiem przeci\u0105\u017caj\u0105cym t\u0105 struktur\u0119. Przeci\u0105\u017cona struktura mo\u017ce dawa\u0107 nast\u0119puj\u0105ce dolegliwo\u015bci: b\u00f3le okolicy kr\u0119gos\u0142upa l\u0119d\u017awiowego, b\u00f3l po\u015bladka, b\u00f3le tylnej powierzchni uda, b\u00f3le pachwiny, b\u00f3le j\u0105dra. <\/p>\n\n\n\n<p>Wi\u0119zad\u0142o biodrowo-l\u0119d\u017awiowe cz\u0119sto wsp\u00f3\u0142uczestniczy chorobowo z dysfunkcj\u0105 innych struktur, cho\u0107by dysfunkcj\u0105 mi\u0119\u015bnia gruszkowatego, stawu krzy\u017cowo-biodrowego czy dysfunkcj\u0105 przej\u015bcia kr\u0119gos\u0142upa L\/S. W takim przypadku na opisane objawy mog\u0105 nawarstwi\u0107 si\u0119 dodatkowe objawy: os\u0142abienie mi\u0119\u015bni, zaburzenia mikcji(zaburzenia w oddawaniu moczu), parestezje r\u00f3\u017cnych cz\u0119\u015bci cia\u0142a(mrowienia sk\u00f3ry \u0142ydki, podeszwy stopy), zaburzenia czucia sk\u00f3rnego i inne. Bardzo wa\u017cna w procedurze leczniczej jest dokumentacja obrazowa(np. RTG), kt\u00f3ra po\u0142\u0105czona z obszernym wywiadem mo\u017ce sugerowa\u0107 wst\u0119pne rozpoznanie oraz pozwala wykluczy\u0107 pod\u0142o\u017ce organiczne choroby. Szczeg\u00f3lnymi czynnikami nara\u017caj\u0105cymi wi\u0119zad\u0142o biodrowo-l\u0119d\u017awiowe na przeci\u0105\u017cenia s\u0105 wady strukturalne kr\u0119gos\u0142upa(niew\u0142a\u015bciwa jego budowa), np.: sakralizacja, lumbalizacja, kr\u0119gozmyk. W przypadku du\u017cego zaanga\u017cowania tej struktury w proces chorobowy leczenie manualne mo\u017ce przynie\u015b\u0107 du\u017c\u0105 popraw\u0119.<\/p>\n\n\n\n<p>Grzegorz Rybczy\u0144ski <\/p>\n","protected":false},"excerpt":{"rendered":"<p>Cechy wybranych struktur powoduj\u0105cych b\u00f3le kr\u0119gos\u0142upa Wi\u0119zad\u0142o biodrowo-l\u0119d\u017awiowe jest struktur\u0105 \u0142\u0105cz\u0105c\u0105 kr\u0119gi L4 i L5 kr\u0119gos\u0142upa z talerzem biodrowym i ko\u015bci\u0105 krzy\u017cow\u0105. Jest struktur\u0105 stabilizuj\u0105c\u0105 staw krzy\u017cowo-biodrowy oraz kr\u0119gos\u0142up L\/S. Bardzo silnie przeci\u0105\u017ca t\u0105 struktur\u0119 przykurcz mi\u0119\u015bni tylnej cz\u0119\u015bci uda i podudzia. Zbyt wczesne pionizowanie ma\u0142ego dziecka jest tak\u017ce istotnym [&hellip;]<\/p>\n","protected":false},"author":1,"featured_media":436,"parent":0,"menu_order":0,"comment_status":"closed","ping_status":"closed","template":"","meta":{"_themeisle_gutenberg_block_has_review":false,"footnotes":""},"class_list":["post-466","page","type-page","status-publish","has-post-thumbnail","hentry"],"_links":{"self":[{"href":"http:\/\/terapiabolu.org\/index.php\/wp-json\/wp\/v2\/pages\/466","targetHints":{"allow":["GET"]}}],"collection":[{"href":"http:\/\/terapiabolu.org\/index.php\/wp-json\/wp\/v2\/pages"}],"about":[{"href":"http:\/\/terapiabolu.org\/index.php\/wp-json\/wp\/v2\/types\/page"}],"author":[{"embeddable":true,"href":"http:\/\/terapiabolu.org\/index.php\/wp-json\/wp\/v2\/users\/1"}],"replies":[{"embeddable":true,"href":"http:\/\/terapiabolu.org\/index.php\/wp-json\/wp\/v2\/comments?post=466"}],"version-history":[{"count":5,"href":"http:\/\/terapiabolu.org\/index.php\/wp-json\/wp\/v2\/pages\/466\/revisions"}],"predecessor-version":[{"id":480,"href":"http:\/\/terapiabolu.org\/index.php\/wp-json\/wp\/v2\/pages\/466\/revisions\/480"}],"wp:featuredmedia":[{"embeddable":true,"href":"http:\/\/terapiabolu.org\/index.php\/wp-json\/wp\/v2\/media\/436"}],"wp:attachment":[{"href":"http:\/\/terapiabolu.org\/index.php\/wp-json\/wp\/v2\/media?parent=466"}],"curies":[{"name":"wp","href":"https:\/\/api.w.org\/{rel}","templated":true}]}}