{"id":476,"date":"2022-01-05T19:05:00","date_gmt":"2022-01-05T19:05:00","guid":{"rendered":"http:\/\/terapiabolu.org\/?page_id=476"},"modified":"2022-01-05T19:09:06","modified_gmt":"2022-01-05T19:09:06","slug":"opadajaca-stopa","status":"publish","type":"page","link":"http:\/\/terapiabolu.org\/index.php\/opadajaca-stopa\/","title":{"rendered":"Opadaj\u0105ca stopa"},"content":{"rendered":"\n<p>46-letni m\u0119\u017cczyzna. Zg\u0142osi\u0142 si\u0119 do gabinetu z powodu b\u00f3l\u00f3w kr\u0119gos\u0142upa l\u0119d\u017awiowego, b\u00f3lem okolicy po\u015bladkowo- krzy\u017cowej prawej, b\u00f3lem pachwiny prawej i j\u0105dra. Skar\u017cy\u0142 si\u0119 te\u017c na b\u00f3le w okolicy prawej nerki i by\u0142 przekonany, \u017ce wobec tego nerka zapewne nie pracuje prawid\u0142owo. Dodatkowo mia\u0142 znacznie os\u0142abione mi\u0119\u015bnie prawej stopy. Objawy b\u00f3lowe kr\u0119gos\u0142upa wyst\u0105pi\u0142y nagle, podczas wykonania gwa\u0142townego ruchu cia\u0142a. Objawy narz\u0105dowe pojawi\u0142y si\u0119 na drugi dzie\u0144. A problemy ze stop\u0105 nagle w tym samym czasie, co objawy b\u00f3lowe kr\u0119gos\u0142upa. &#8211; W badaniu stwierdzono znacznie podra\u017cnione wi\u0119zad\u0142a stawu krzy\u017cowo-biodrowego, w szczeg\u00f3lno\u015bci: krzy\u017cowo-guzowe, biodrowo-l\u0119d\u017awiowe oraz wi\u0119zad\u0142a mi\u0119dzykolcowe segment\u00f3w kr\u0119gos\u0142upa L4-L5, L5-S1. Odruch kolanowy zachowany, odruch podeszwowy niejednoznaczny, brak odruchu ze \u015bci\u0119gna Achillesa. Test unoszenia prostej nogi by\u0142 bolesny. Znaczne os\u0142abienie zginaczy grzbietowych stopy ( stopa opadaj\u0105ca, brak si\u0142y stania na pi\u0119tach). Zaburzenia czucia sk\u00f3rnego cz\u0119\u015bci podudzia i cz\u0119\u015bci stopy. <\/p>\n\n\n\n<p>W obrazie rezonansu magnetycznego ucisk korzenia L4 i L5 przez wypuklin\u0119 kr\u0105\u017cka mi\u0119dzykr\u0119gowego. Badania obrazowe nerki i j\u0105dra wykluczy\u0142y pod\u0142o\u017ce organiczne. Podczas dw\u00f3ch pierwszych sesji zabiegowych pacjent dobrze reagowa\u0142 na terapi\u0119 wi\u0119zade\u0142 stawu krzy\u017cowo-biodrowego. Skutkowa\u0142o to popraw\u0105 dolegliwo\u015bci b\u00f3lowych kr\u0119gos\u0142upa, b\u00f3l\u00f3w okolicy nerki oraz j\u0105dra. B\u00f3le j\u0105dra i b\u00f3le pseudo-nerkowe (b\u00f3le, kt\u00f3rych przyczyn\u0105 nie jest choroba nerek) szczeg\u00f3lnie dobrze reagowa\u0142y na terapi\u0119 wi\u0119zad\u0142a biodrowo-l\u0119d\u017awiowego. Jednak podczas tych dw\u00f3ch sesji nie nast\u0105pi\u0142 przyrost si\u0142y mi\u0119\u015bniowej os\u0142abionej stopy. Na trzeciej sesji zabiegowej zosta\u0142a zastosowana mobilizacja segmentu ruchowego L4-L5 kr\u0119gos\u0142upa (w szczeg\u00f3lno\u015bci mobilizacja wi\u0119zad\u0142a mi\u0119dzykolcowego, struktury \u0142\u0105cz\u0105cej wyrostki kolczyste kr\u0119g\u00f3w L4 i L5). Po tym nast\u0105pi\u0142 spontaniczny przyrost si\u0142y mi\u0119\u015bniowej, co potwierdzi\u0142y testy kontrolne. Segment ruchowy L4-L5 kr\u0119gos\u0142upa okaza\u0142 si\u0119 tak\u017ce najlepszym dost\u0119pem do leczenia b\u00f3l\u00f3w narz\u0105dowych. Dzi\u0119ki dzia\u0142aniom terapeutycznym pacjent wr\u00f3ci\u0142 do zdrowia<\/p>\n\n\n\n<p>Maciej Je\u017cewski<br>Grzegorz Rybczy\u0144ski<\/p>\n","protected":false},"excerpt":{"rendered":"<p>46-letni m\u0119\u017cczyzna. Zg\u0142osi\u0142 si\u0119 do gabinetu z powodu b\u00f3l\u00f3w kr\u0119gos\u0142upa l\u0119d\u017awiowego, b\u00f3lem okolicy po\u015bladkowo- krzy\u017cowej prawej, b\u00f3lem pachwiny prawej i j\u0105dra. Skar\u017cy\u0142 si\u0119 te\u017c na b\u00f3le w okolicy prawej nerki i by\u0142 przekonany, \u017ce wobec tego nerka zapewne nie pracuje prawid\u0142owo. Dodatkowo mia\u0142 znacznie os\u0142abione mi\u0119\u015bnie prawej stopy. Objawy b\u00f3lowe [&hellip;]<\/p>\n","protected":false},"author":1,"featured_media":436,"parent":0,"menu_order":0,"comment_status":"closed","ping_status":"closed","template":"","meta":{"_themeisle_gutenberg_block_has_review":false,"footnotes":""},"class_list":["post-476","page","type-page","status-publish","has-post-thumbnail","hentry"],"_links":{"self":[{"href":"http:\/\/terapiabolu.org\/index.php\/wp-json\/wp\/v2\/pages\/476","targetHints":{"allow":["GET"]}}],"collection":[{"href":"http:\/\/terapiabolu.org\/index.php\/wp-json\/wp\/v2\/pages"}],"about":[{"href":"http:\/\/terapiabolu.org\/index.php\/wp-json\/wp\/v2\/types\/page"}],"author":[{"embeddable":true,"href":"http:\/\/terapiabolu.org\/index.php\/wp-json\/wp\/v2\/users\/1"}],"replies":[{"embeddable":true,"href":"http:\/\/terapiabolu.org\/index.php\/wp-json\/wp\/v2\/comments?post=476"}],"version-history":[{"count":1,"href":"http:\/\/terapiabolu.org\/index.php\/wp-json\/wp\/v2\/pages\/476\/revisions"}],"predecessor-version":[{"id":477,"href":"http:\/\/terapiabolu.org\/index.php\/wp-json\/wp\/v2\/pages\/476\/revisions\/477"}],"wp:featuredmedia":[{"embeddable":true,"href":"http:\/\/terapiabolu.org\/index.php\/wp-json\/wp\/v2\/media\/436"}],"wp:attachment":[{"href":"http:\/\/terapiabolu.org\/index.php\/wp-json\/wp\/v2\/media?parent=476"}],"curies":[{"name":"wp","href":"https:\/\/api.w.org\/{rel}","templated":true}]}}