{"id":550,"date":"2023-12-12T19:01:48","date_gmt":"2023-12-12T19:01:48","guid":{"rendered":"http:\/\/terapiabolu.org\/?page_id=550"},"modified":"2024-12-09T17:05:28","modified_gmt":"2024-12-09T17:05:28","slug":"550-2","status":"publish","type":"page","link":"http:\/\/terapiabolu.org\/index.php\/550-2\/","title":{"rendered":"OSTEOPATIA ZWIERZ\u0104T"},"content":{"rendered":"\n<p>Osteopatia zwierz\u0105t- psy , konie<\/p>\n\n\n\n<p>Aktualnie tylko wizyty w terenie.<\/p>\n\n\n\n<p>Zwierz\u0119ta tak jak i ludzie podobnie cierpi\u0105 na  schorzenia zwi\u0105zane z narz\u0105dem ruchu. Oczywi\u015bcie wyst\u0119puj\u0105 r\u00f3\u017cnice w budowie anatomicznej chocia\u017cby brak obojczyka u zwierz\u0105t czworono\u017cnych i po\u0142\u0105czenie \u0142opatki z kr\u0119gos\u0142upem mi\u0119\u015bniozrostem. Zbudowani jeste\u015bmy z podobnej materii. Zachodz\u0105 podobne procesy samonaprawcze. <\/p>\n\n\n\n<p>Najcz\u0119\u015bciej spotykane w mojej praktyce klinicznej to schorzenia kr\u0119gos\u0142upa te bardzo ostre  jak i przewlek\u0142e i wczesne zwyrodnienia w stawach biodrowych, wszelkiego rodzaju  anomalie w budowie przyczyniaj\u0105ce si\u0119 do wcze\u015bniejszego zu\u017cycia powierzchni stawowych. <\/p>\n","protected":false},"excerpt":{"rendered":"<p>Osteopatia zwierz\u0105t- psy , konie Aktualnie tylko wizyty w terenie. Zwierz\u0119ta tak jak i ludzie podobnie cierpi\u0105 na schorzenia zwi\u0105zane z narz\u0105dem ruchu. Oczywi\u015bcie wyst\u0119puj\u0105 r\u00f3\u017cnice w budowie anatomicznej chocia\u017cby brak obojczyka u zwierz\u0105t czworono\u017cnych i po\u0142\u0105czenie \u0142opatki z kr\u0119gos\u0142upem mi\u0119\u015bniozrostem. Zbudowani jeste\u015bmy z podobnej materii. Zachodz\u0105 podobne procesy samonaprawcze. [&hellip;]<\/p>\n","protected":false},"author":1,"featured_media":551,"parent":0,"menu_order":1,"comment_status":"closed","ping_status":"closed","template":"page-templates\/template-page-sidebar.php","meta":{"_themeisle_gutenberg_block_has_review":false,"footnotes":""},"class_list":["post-550","page","type-page","status-publish","has-post-thumbnail","hentry"],"_links":{"self":[{"href":"http:\/\/terapiabolu.org\/index.php\/wp-json\/wp\/v2\/pages\/550","targetHints":{"allow":["GET"]}}],"collection":[{"href":"http:\/\/terapiabolu.org\/index.php\/wp-json\/wp\/v2\/pages"}],"about":[{"href":"http:\/\/terapiabolu.org\/index.php\/wp-json\/wp\/v2\/types\/page"}],"author":[{"embeddable":true,"href":"http:\/\/terapiabolu.org\/index.php\/wp-json\/wp\/v2\/users\/1"}],"replies":[{"embeddable":true,"href":"http:\/\/terapiabolu.org\/index.php\/wp-json\/wp\/v2\/comments?post=550"}],"version-history":[{"count":3,"href":"http:\/\/terapiabolu.org\/index.php\/wp-json\/wp\/v2\/pages\/550\/revisions"}],"predecessor-version":[{"id":611,"href":"http:\/\/terapiabolu.org\/index.php\/wp-json\/wp\/v2\/pages\/550\/revisions\/611"}],"wp:featuredmedia":[{"embeddable":true,"href":"http:\/\/terapiabolu.org\/index.php\/wp-json\/wp\/v2\/media\/551"}],"wp:attachment":[{"href":"http:\/\/terapiabolu.org\/index.php\/wp-json\/wp\/v2\/media?parent=550"}],"curies":[{"name":"wp","href":"https:\/\/api.w.org\/{rel}","templated":true}]}}