{"id":606,"date":"2024-12-09T11:42:46","date_gmt":"2024-12-09T11:42:46","guid":{"rendered":"https:\/\/terapiabolu.org\/?page_id=606"},"modified":"2024-12-09T11:50:16","modified_gmt":"2024-12-09T11:50:16","slug":"kurs-igloterapia-wiezadlowo-okostnowej","status":"publish","type":"page","link":"http:\/\/terapiabolu.org\/index.php\/kursy-medycyna-manualna\/kurs-igloterapia-wiezadlowo-okostnowej\/","title":{"rendered":"KURS IG\u0141OTERAPIA WI\u0118ZAD\u0141OWO -OKOSTNOWA"},"content":{"rendered":"\n<p>Zapraszam na autorski kurs IG\u0141OTERAPII w koncepcji TA\u015aM WI\u0118ZAD\u0141OWO OKOSTNOWYCH.<\/p>\n\n\n\n<p>Jest to autorski kurs kt\u00f3ry jest zwie\u0144czeniem kilkunastu lat pracy z ig\u0142ami gdzie od samego pocz\u0105tku okostna by\u0142a szczeg\u00f3lnym zainteresowaniem pod wzgl\u0119dem mo\u017cliwo\u015bci terapeutycznych o wiele wi\u0119kszych ni\u017c tradycyjna akupunktura. Kurs nie powsta\u0142 sam z siebie r\u00f3\u017cne koncepcje pracy takie jak akupunktura  oraz  ig\u0142oterapia dr Andrzeja Rakowskiego przyczyni\u0142a si\u0119 do powstania koncepcji uwzgledniaj\u0105cej g\u0142\u0119bsze powi\u0105zania okostnej z wi\u0119zad\u0142ami i ci\u0105gu tych po\u0142\u0105cze\u0144 w formie ta\u015bm wi\u0119zad\u0142owo okosotnowych. <\/p>\n\n\n\n<p>Aplikacji ig\u0142ami dokonuje si\u0119 przy pomocy igie\u0142 do akupunktury r\u00f3\u017cnej grubo\u015bci.<\/p>\n","protected":false},"excerpt":{"rendered":"<p>Zapraszam na autorski kurs IG\u0141OTERAPII w koncepcji TA\u015aM WI\u0118ZAD\u0141OWO OKOSTNOWYCH. Jest to autorski kurs kt\u00f3ry jest zwie\u0144czeniem kilkunastu lat pracy z ig\u0142ami gdzie od samego pocz\u0105tku okostna by\u0142a szczeg\u00f3lnym zainteresowaniem pod wzgl\u0119dem mo\u017cliwo\u015bci terapeutycznych o wiele wi\u0119kszych ni\u017c tradycyjna akupunktura. Kurs nie powsta\u0142 sam z siebie r\u00f3\u017cne koncepcje pracy takie [&hellip;]<\/p>\n","protected":false},"author":1,"featured_media":0,"parent":335,"menu_order":0,"comment_status":"closed","ping_status":"closed","template":"","meta":{"_themeisle_gutenberg_block_has_review":false,"footnotes":""},"class_list":["post-606","page","type-page","status-publish","hentry"],"_links":{"self":[{"href":"http:\/\/terapiabolu.org\/index.php\/wp-json\/wp\/v2\/pages\/606","targetHints":{"allow":["GET"]}}],"collection":[{"href":"http:\/\/terapiabolu.org\/index.php\/wp-json\/wp\/v2\/pages"}],"about":[{"href":"http:\/\/terapiabolu.org\/index.php\/wp-json\/wp\/v2\/types\/page"}],"author":[{"embeddable":true,"href":"http:\/\/terapiabolu.org\/index.php\/wp-json\/wp\/v2\/users\/1"}],"replies":[{"embeddable":true,"href":"http:\/\/terapiabolu.org\/index.php\/wp-json\/wp\/v2\/comments?post=606"}],"version-history":[{"count":2,"href":"http:\/\/terapiabolu.org\/index.php\/wp-json\/wp\/v2\/pages\/606\/revisions"}],"predecessor-version":[{"id":609,"href":"http:\/\/terapiabolu.org\/index.php\/wp-json\/wp\/v2\/pages\/606\/revisions\/609"}],"up":[{"embeddable":true,"href":"http:\/\/terapiabolu.org\/index.php\/wp-json\/wp\/v2\/pages\/335"}],"wp:attachment":[{"href":"http:\/\/terapiabolu.org\/index.php\/wp-json\/wp\/v2\/media?parent=606"}],"curies":[{"name":"wp","href":"https:\/\/api.w.org\/{rel}","templated":true}]}}