{"id":61,"date":"2021-12-01T18:08:40","date_gmt":"2021-12-01T18:08:40","guid":{"rendered":"http:\/\/terapiabolu.org\/?page_id=61"},"modified":"2025-04-23T11:55:34","modified_gmt":"2025-04-23T11:55:34","slug":"kontakt","status":"publish","type":"page","link":"http:\/\/terapiabolu.org\/index.php\/kontakt\/","title":{"rendered":"Kontakt"},"content":{"rendered":"\n<div class=\"wp-block-columns alignfull is-layout-flex wp-container-core-columns-is-layout-28f84493 wp-block-columns-is-layout-flex\">\n<div class=\"wp-block-column is-layout-flow wp-block-column-is-layout-flow\">\n<div style=\"width: 100%\"><iframe loading=\"lazy\" scrolling=\"no\" marginheight=\"0\" marginwidth=\"0\" src=\"https:\/\/www.google.com\/maps\/embed?pb=!1m14!1m8!1m3!1d4289.903420710028!2d16.004537855669422!3d52.88313565670472!3m2!1i1024!2i768!4f13.1!3m3!1m2!1s0x0%3A0xaafe07c181157361!2sMedycyna%20Manualna%20Grzegorz%20Rybczy%C5%84ski!5e0!3m2!1spl!2spl!4v1641363541691!5m2!1spl!2spl\" width=\"100%\" height=\"400\" frameborder=\"0\"><\/iframe><\/div>\n\n\n\n<p><\/p>\n<\/div>\n<\/div>\n\n\n\n<div class=\"wp-block-columns container is-layout-flex wp-container-core-columns-is-layout-28f84493 wp-block-columns-is-layout-flex\">\n<div class=\"wp-block-column is-vertically-aligned-center is-layout-flow wp-block-column-is-layout-flow\">\n<figure class=\"wp-block-image size-large\"><img loading=\"lazy\" decoding=\"async\" width=\"1024\" height=\"831\" src=\"http:\/\/terapiabolu.org\/wp-content\/uploads\/2021\/12\/grzegorz_rybczynski_medycyna_manualna-1024x831.jpg\" alt=\"Medycyna Manualna Grzegorz Rybczy\u0144ski\" class=\"wp-image-69\" srcset=\"http:\/\/terapiabolu.org\/wp-content\/uploads\/2021\/12\/grzegorz_rybczynski_medycyna_manualna-1024x831.jpg 1024w, http:\/\/terapiabolu.org\/wp-content\/uploads\/2021\/12\/grzegorz_rybczynski_medycyna_manualna-300x243.jpg 300w, http:\/\/terapiabolu.org\/wp-content\/uploads\/2021\/12\/grzegorz_rybczynski_medycyna_manualna-768x623.jpg 768w, http:\/\/terapiabolu.org\/wp-content\/uploads\/2021\/12\/grzegorz_rybczynski_medycyna_manualna.jpg 1035w\" sizes=\"auto, (max-width: 1024px) 100vw, 1024px\" \/><\/figure>\n<\/div>\n\n\n\n<div class=\"wp-block-column is-vertically-aligned-center is-layout-flow wp-block-column-is-layout-flow\">\n<div class=\"wp-block-columns is-layout-flex wp-container-core-columns-is-layout-28f84493 wp-block-columns-is-layout-flex\">\n<div class=\"wp-block-column is-layout-flow wp-block-column-is-layout-flow\"><\/div>\n\n\n\n<div class=\"wp-block-column is-layout-flow wp-block-column-is-layout-flow\" style=\"flex-basis:50%\">\n<h4 class=\"wp-block-heading has-text-align-left hestia-title has-text-color\" style=\"color:#3c4858;font-size:18px\"><img decoding=\"async\" class=\"wp-image-86\" style=\"width: 25px;\" src=\"http:\/\/terapiabolu.org\/wp-content\/themes\/hestia\/assets\/img\/contact1.png\" alt=\"Map icon\">  <strong>Gabinet<\/strong> OSTEOPATII<\/h4>\n\n\n\n<p><br>ul. Wojska Polskiego 7<br>64-761 Krzy\u017c Wielkopolski<br><\/p>\n\n\n\n<p><strong>Gabinet czynny:<\/strong><br>poniedzia\u0142ek 9.00 -14.00 \u015broda 8.00-14.00<br><br>pi\u0105tek 9.00 &#8211; 14.00<\/p>\n\n\n\n<p><br>Gabinet Osteopatii i Naturopatii <\/p>\n\n\n\n<p> ul. Mickiewicza 3 I pi\u0119tro Dobiegniew 66- 520<\/p>\n\n\n\n<p>Gabinet czynny: wtorek 13.00 &#8211; 17.00<\/p>\n\n\n\n<div style=\"height:12px\" aria-hidden=\"true\" class=\"wp-block-spacer\"><\/div>\n\n\n\n<h4 class=\"wp-block-heading has-text-align-left hestia-title has-text-color\" style=\"color:#3c4858;font-size:18px\"><img decoding=\"async\" class=\"wp-image-98\" style=\"width: 25px;\" src=\"http:\/\/terapiabolu.org\/wp-content\/themes\/hestia\/assets\/img\/contact2.png\" alt=\"\">  <strong><strong>Rejestracja telefoniczna<\/strong><\/strong><\/h4>\n\n\n\n<p>Osteopata D.O., mistrz naturopatii mgr Grzegorz Rybczy\u0144ski<\/p>\n\n\n\n<p>gr3@interia.pl<br><strong>+48 691 929 048<\/strong><br>Poniedzia\u0142ek &#8211; Pi\u0105tek, 8:00-18:00<\/p>\n\n\n\n<div class=\"wp-block-buttons is-layout-flex wp-block-buttons-is-layout-flex\">\n<div class=\"wp-block-button has-custom-width wp-block-button__width-100 has-custom-font-size is-style-fill has-small-font-size\"><a class=\"wp-block-button__link has-white-color has-accent-background-color has-text-color has-background wp-element-button\" href=\"https:\/\/zarejestrowani.pl\/w\/sfQPpgJp-2UxCti4jM8VFDkdOpt-4Zj3lcEBygXKy1wCC1k4YjPyFRWDEXnQsSIzlfTOOn3PgNWUO4uu2xVIGw\/\" style=\"border-radius:7px\" target=\"_blank\" rel=\"noreferrer noopener\"><strong>Rejestracja on-line<\/strong><\/a><\/div>\n<\/div>\n\n\n\n<div style=\"height:20px\" aria-hidden=\"true\" class=\"wp-block-spacer\"><\/div>\n\n\n\n<p><strong>Uwaga! <\/strong><span class=\"has-inline-color has-header-gradient-color\">Je\u015bli nie mo\u017cesz pojawi\u0107 si\u0119 na um\u00f3wionej wizycie, prosz\u0119 zadzwo\u0144 jak najwcze\u015bniej i poinformuj mnie o tym. W tym czasie b\u0119d\u0119 m\u00f3g\u0142 pom\u00f3c innemu pacjentowi.<\/span> <\/p>\n<\/div>\n\n\n\n<div class=\"wp-block-column is-layout-flow wp-block-column-is-layout-flow\"><\/div>\n<\/div>\n<\/div>\n<\/div>\n\n\n\n<p><\/p>\n","protected":false},"excerpt":{"rendered":"<p>Gabinet OSTEOPATII ul. Wojska Polskiego 764-761 Krzy\u017c Wielkopolski Gabinet czynny:poniedzia\u0142ek 9.00 -14.00 \u015broda 8.00-14.00 pi\u0105tek 9.00 &#8211; 14.00 Gabinet Osteopatii i Naturopatii ul. Mickiewicza 3 I pi\u0119tro Dobiegniew 66- 520 Gabinet czynny: wtorek 13.00 &#8211; 17.00 Rejestracja telefoniczna Osteopata D.O., mistrz naturopatii mgr Grzegorz Rybczy\u0144ski gr3@interia.pl+48 691 929 048Poniedzia\u0142ek &#8211; [&hellip;]<\/p>\n","protected":false},"author":1,"featured_media":53,"parent":0,"menu_order":0,"comment_status":"closed","ping_status":"closed","template":"page-templates\/template-pagebuilder-full-width.php","meta":{"_themeisle_gutenberg_block_has_review":false,"footnotes":""},"class_list":["post-61","page","type-page","status-publish","has-post-thumbnail","hentry"],"_links":{"self":[{"href":"http:\/\/terapiabolu.org\/index.php\/wp-json\/wp\/v2\/pages\/61","targetHints":{"allow":["GET"]}}],"collection":[{"href":"http:\/\/terapiabolu.org\/index.php\/wp-json\/wp\/v2\/pages"}],"about":[{"href":"http:\/\/terapiabolu.org\/index.php\/wp-json\/wp\/v2\/types\/page"}],"author":[{"embeddable":true,"href":"http:\/\/terapiabolu.org\/index.php\/wp-json\/wp\/v2\/users\/1"}],"replies":[{"embeddable":true,"href":"http:\/\/terapiabolu.org\/index.php\/wp-json\/wp\/v2\/comments?post=61"}],"version-history":[{"count":50,"href":"http:\/\/terapiabolu.org\/index.php\/wp-json\/wp\/v2\/pages\/61\/revisions"}],"predecessor-version":[{"id":628,"href":"http:\/\/terapiabolu.org\/index.php\/wp-json\/wp\/v2\/pages\/61\/revisions\/628"}],"wp:featuredmedia":[{"embeddable":true,"href":"http:\/\/terapiabolu.org\/index.php\/wp-json\/wp\/v2\/media\/53"}],"wp:attachment":[{"href":"http:\/\/terapiabolu.org\/index.php\/wp-json\/wp\/v2\/media?parent=61"}],"curies":[{"name":"wp","href":"https:\/\/api.w.org\/{rel}","templated":true}]}}