{"id":612,"date":"2024-12-10T21:22:11","date_gmt":"2024-12-10T21:22:11","guid":{"rendered":"https:\/\/terapiabolu.org\/?page_id=612"},"modified":"2024-12-10T21:22:12","modified_gmt":"2024-12-10T21:22:12","slug":"osteopatyczna-terapia-zwierzat-narzad-ruchu","status":"publish","type":"page","link":"http:\/\/terapiabolu.org\/index.php\/osteopatyczna-terapia-zwierzat-narzad-ruchu\/","title":{"rendered":"Osteopatyczna terapia zwierz\u0105t- narz\u0105d ruchu"},"content":{"rendered":"\n<p>Zapraszam na kurs po\u015bwi\u0119cony osteopatycznej terapii zwierz\u0105t -psy, koty.<\/p>\n\n\n\n<p>Nowatorskie spojrzenie na terapi\u0119 narz\u0105du ruchu naszych czworonog\u00f3w. <\/p>\n\n\n\n<p>Na warsztacie dowiesz si\u0119 w jaki spos\u00f3b bada\u0107 zwierz\u0119ta czworono\u017cne takie jak psy , koty. Przeanalizujemy badanie ortopedyczne, neurologiczne oraz osteopatyczne. Nast\u0119pnie przeanalizujemy wskazania i przeciwskazania do terapii osteopatycznej. <\/p>\n\n\n\n<p>G\u0142\u00f3wna cz\u0119\u015b\u0107 kursu b\u0119dzie po\u015bwi\u0119cona leczeniu osteopatycznemu narz\u0105du ruchu z uwzgl\u0119dnieniem powi\u0105za\u0144 wisceralnych i uk\u0142adu nerwowego. Poniewa\u017c moim celem jest nauczenie a nie tylko przekazanie wiedzy liczba miejsc jest ograniczona. Poznasz oraz nauczysz si\u0119 badania palpacyjnego z uwzgl\u0119dnieniem anatomii, poniewa\u017c ju\u017c na poziomie badania palpacyjnego jeste\u015bmy w stanie przej\u015b\u0107 do terapii.<\/p>\n\n\n\n<p>Program warsztatu: <\/p>\n\n\n\n<p>R\u00f3\u017cnice w budowie anatomicznej ludzi i zwierz\u0105t.<\/p>\n\n\n\n<p>&#8211; badanie ortopedyczne<\/p>\n\n\n\n<p>-badanie neurologiczne<\/p>\n\n\n\n<p>-badanie palpacyjne<\/p>\n\n\n\n<ul class=\"wp-block-list\">\n<li>anatomia palpacyjna- punkty kluczowe dla terapii<\/li>\n<\/ul>\n\n\n\n<p>&#8211; mobilizacje stawowe: stawy ko\u0144czyn, kr\u0119gos\u0142upa, po\u0142\u0105czenia \u017cebrowo kr\u0119gowe<\/p>\n\n\n\n<p>&#8211; techniki harmoniczne dla staw\u00f3w<\/p>\n\n\n\n<p>&#8211; manipulacje stawowe HVLA<\/p>\n\n\n\n<p>&#8211; BLT &#8211; techniki dla wi\u0119zade\u0142<\/p>\n\n\n\n<p>&#8211; techniki dla tkanek mi\u0119kkich powi\u0119\u017a, mi\u0119\u015bnie, \u015bci\u0119gna<\/p>\n\n\n\n<p>Powi\u0105zania wisceralne z narz\u0105dem ruchu. <\/p>\n\n\n\n<p>Klinika.<\/p>\n\n\n\n<figure class=\"wp-block-gallery has-nested-images columns-default is-cropped wp-block-gallery-1 is-layout-flex wp-block-gallery-is-layout-flex\">\n<figure class=\"wp-block-image size-large\"><img loading=\"lazy\" decoding=\"async\" width=\"1024\" height=\"768\" data-id=\"614\" src=\"https:\/\/terapiabolu.org\/wp-content\/uploads\/2024\/12\/P1010151-Edit-1-1024x768.jpg\" alt=\"\" class=\"wp-image-614\" srcset=\"http:\/\/terapiabolu.org\/wp-content\/uploads\/2024\/12\/P1010151-Edit-1-1024x768.jpg 1024w, http:\/\/terapiabolu.org\/wp-content\/uploads\/2024\/12\/P1010151-Edit-1-300x225.jpg 300w, http:\/\/terapiabolu.org\/wp-content\/uploads\/2024\/12\/P1010151-Edit-1-768x576.jpg 768w, http:\/\/terapiabolu.org\/wp-content\/uploads\/2024\/12\/P1010151-Edit-1-1536x1152.jpg 1536w, http:\/\/terapiabolu.org\/wp-content\/uploads\/2024\/12\/P1010151-Edit-1-2048x1536.jpg 2048w\" sizes=\"auto, (max-width: 1024px) 100vw, 1024px\" \/><\/figure>\n<\/figure>\n","protected":false},"excerpt":{"rendered":"<p>Zapraszam na kurs po\u015bwi\u0119cony osteopatycznej terapii zwierz\u0105t -psy, koty. Nowatorskie spojrzenie na terapi\u0119 narz\u0105du ruchu naszych czworonog\u00f3w. Na warsztacie dowiesz si\u0119 w jaki spos\u00f3b bada\u0107 zwierz\u0119ta czworono\u017cne takie jak psy , koty. Przeanalizujemy badanie ortopedyczne, neurologiczne oraz osteopatyczne. Nast\u0119pnie przeanalizujemy wskazania i przeciwskazania do terapii osteopatycznej. G\u0142\u00f3wna cz\u0119\u015b\u0107 kursu b\u0119dzie [&hellip;]<\/p>\n","protected":false},"author":1,"featured_media":551,"parent":0,"menu_order":0,"comment_status":"closed","ping_status":"closed","template":"","meta":{"_themeisle_gutenberg_block_has_review":false,"footnotes":""},"class_list":["post-612","page","type-page","status-publish","has-post-thumbnail","hentry"],"_links":{"self":[{"href":"http:\/\/terapiabolu.org\/index.php\/wp-json\/wp\/v2\/pages\/612","targetHints":{"allow":["GET"]}}],"collection":[{"href":"http:\/\/terapiabolu.org\/index.php\/wp-json\/wp\/v2\/pages"}],"about":[{"href":"http:\/\/terapiabolu.org\/index.php\/wp-json\/wp\/v2\/types\/page"}],"author":[{"embeddable":true,"href":"http:\/\/terapiabolu.org\/index.php\/wp-json\/wp\/v2\/users\/1"}],"replies":[{"embeddable":true,"href":"http:\/\/terapiabolu.org\/index.php\/wp-json\/wp\/v2\/comments?post=612"}],"version-history":[{"count":1,"href":"http:\/\/terapiabolu.org\/index.php\/wp-json\/wp\/v2\/pages\/612\/revisions"}],"predecessor-version":[{"id":615,"href":"http:\/\/terapiabolu.org\/index.php\/wp-json\/wp\/v2\/pages\/612\/revisions\/615"}],"wp:featuredmedia":[{"embeddable":true,"href":"http:\/\/terapiabolu.org\/index.php\/wp-json\/wp\/v2\/media\/551"}],"wp:attachment":[{"href":"http:\/\/terapiabolu.org\/index.php\/wp-json\/wp\/v2\/media?parent=612"}],"curies":[{"name":"wp","href":"https:\/\/api.w.org\/{rel}","templated":true}]}}